{"id":779,"date":"2025-09-29T10:00:37","date_gmt":"2025-09-29T08:00:37","guid":{"rendered":"https:\/\/olaciernioch.com\/?post_type=product&#038;p=779"},"modified":"2026-04-20T10:30:28","modified_gmt":"2026-04-20T08:30:28","slug":"notice-cards-for-slowing-down-on-the-go-preorder","status":"publish","type":"product","link":"https:\/\/olaciernioch.com\/pl\/product\/notice-cards-for-slowing-down-on-the-go-preorder\/","title":{"rendered":"\"Zauwa\u017caj \u2013 karty do zwalniania w biegu\""},"content":{"rendered":"<p>To 54 miniaturowe dzie\u0142a sztuki autorstwa Aleksandry Ciernioch z tekstami Sylwii W\u0142odarskiej \u2013 pe\u0142ne ciep\u0142a, refleksji i zaproszenia do\u2026 \u201cwolniej\u201d. <\/p>\n<p>To co\u015b dla os\u00f3b, kt\u00f3re chc\u0105 zwalnia\u0107, ws\u0142ucha\u0107 w siebie i i\u015b\u0107 przez codzienno\u015b\u0107 z wi\u0119ksz\u0105 uwa\u017cno\u015bci\u0105, \u017cyczliwo\u015bci\u0105 i spokojem.<\/p>\n<p>Recenzje:<\/p>\n<p>\"Wasze karty s\u0105 jak poezja. Widz\u0119 jak pomagaj\u0105 zatrzyma\u0107 si\u0119, spotka\u0107 ze sob\u0105, inspiruj\u0105. To wsparcie dla os\u00f3b, kt\u00f3re chc\u0105 popracowa\u0107 nad sob\u0105, szukaj\u0105 czego\u015b wyj\u0105tkowego.\u201d Agnieszka Stein<\/p>\n<p>\u201cZaskoczy\u0142o mnie, ile ciep\u0142a i spokoju robi mi przegl\u0105danie tych kart. Zatrzymuj\u0119 si\u0119. Stabilizuj\u0119. Otulam si\u0119 obrazami i tre\u015bci\u0105. Tworz\u0119 sobie z nich bezpieczn\u0105 przestrze\u0144 na bycie ze sob\u0105, nawet jak dooko\u0142a wszystko biegnie.\u201d Ewa Hajduk-Kasprowicz<\/p>\n<p>Opinie klient\u00f3w:<\/p>\n<p>\"To najpi\u0119kniejsze i najbardziej przemawiaj\u0105ce do mnie karty, jakie mam.\" Iwona<\/p>\n<p>\"Wczoraj podczas rodzinnego spotkania z okazji imienin mojego taty ogl\u0105dali\u015bmy Pani karty. Zachwyceni byli\u015bmy grafik\u0105 (z jednej strony oszcz\u0119dn\u0105 a z drugiej mocn\u0105 kolorystycznie). Ka\u017cdy z nas losowa\u0142 kart\u0119 i czyta\u0142 przes\u0142anie, a potem omawiali\u015bmy.\" Iza<\/p>\n<p>Co dok\u0142adnie dostaniesz?<\/p>\n<p>\u2013 54 karty w pi\u0119knym pude\u0142ku, ka\u017cda z grafik\u0105 i tekstem na odwrocie.<br \/>\n\u2013 Broszur\u0119 z instrukcjami.<\/p>\n<p>Format kart: 10 \u00d7 14,5 cm, jak poczt\u00f3wka. Druk na grubszym (300 g\/m\u00b2) papierze mono. To papier dedykowany projektom u\u017cytkowym, kt\u00f3re b\u0119d\u0105 cz\u0119sto dotykane i podnoszone, r\u00f3wnie\u017c w warunkach rodzinnych czy warsztatowych. Jest po prostu stosunkowo odporny na zagi\u0119cia, uszkodzenia, zabrudzenia.<\/p>\n<p>Broszura zawiera m.in. instrukcj\u0119 z pomys\u0142ami na rytua\u0142y i sposoby u\u017cywania kart. Znajdziesz tam te\u017c informacje o tym, jak dzia\u0142a uwaga i kilka propozycji \u0107wicze\u0144 \u015bwiadomego ni\u0105 kierowania.<\/p>\n<p>To pierwsze wydanie \u2013 limitowana edycja przygotowana w kr\u00f3tkim nak\u0142adzie.<\/p>\n<p>(W zak\u0142adce \"Sklep\" znajdziesz pasuj\u0105ce magnesy na lod\u00f3wk\u0119, takie jak na jednym ze zdj\u0119\u0107.)<\/p>","protected":false},"excerpt":{"rendered":"<p>These are 54 miniature works of art by Aleksandra Ciernioch with texts by Sylwia W\u0142odarska \u2013 full of warmth, reflection, and an invitation to\u2026 \u201cslow down.\u201d This is something for people who want to slow down, listen to themselves, and go through everyday life with greater mindfulness, kindness, and peace. Reviews: \u201cYour cards are like [&hellip;]<\/p>","protected":false},"featured_media":768,"template":"","meta":[],"product_brand":[],"product_cat":[30],"product_tag":[119,123,118,121,122,120],"class_list":{"0":"post-779","1":"product","2":"type-product","3":"status-publish","4":"has-post-thumbnail","6":"product_cat-prints","7":"product_tag-cards","8":"product_tag-ciernioch","9":"product_tag-karty","10":"product_tag-notice","11":"product_tag-wlodarska","12":"product_tag-zauwazaj","14":"first","15":"instock","16":"shipping-taxable","17":"purchasable","18":"product-type-simple"},"_links":{"self":[{"href":"https:\/\/olaciernioch.com\/pl\/wp-json\/wp\/v2\/product\/779","targetHints":{"allow":["GET"]}}],"collection":[{"href":"https:\/\/olaciernioch.com\/pl\/wp-json\/wp\/v2\/product"}],"about":[{"href":"https:\/\/olaciernioch.com\/pl\/wp-json\/wp\/v2\/types\/product"}],"wp:featuredmedia":[{"embeddable":true,"href":"https:\/\/olaciernioch.com\/pl\/wp-json\/wp\/v2\/media\/768"}],"wp:attachment":[{"href":"https:\/\/olaciernioch.com\/pl\/wp-json\/wp\/v2\/media?parent=779"}],"wp:term":[{"taxonomy":"product_brand","embeddable":true,"href":"https:\/\/olaciernioch.com\/pl\/wp-json\/wp\/v2\/product_brand?post=779"},{"taxonomy":"product_cat","embeddable":true,"href":"https:\/\/olaciernioch.com\/pl\/wp-json\/wp\/v2\/product_cat?post=779"},{"taxonomy":"product_tag","embeddable":true,"href":"https:\/\/olaciernioch.com\/pl\/wp-json\/wp\/v2\/product_tag?post=779"}],"curies":[{"name":"wp","href":"https:\/\/api.w.org\/{rel}","templated":true}]}}