{"id":704,"date":"2025-09-27T17:08:13","date_gmt":"2025-09-27T15:08:13","guid":{"rendered":"https:\/\/olaciernioch.com\/?post_type=product&#038;p=704"},"modified":"2025-11-27T18:35:21","modified_gmt":"2025-11-27T16:35:21","slug":"magnet-full-circle","status":"publish","type":"product","link":"https:\/\/olaciernioch.com\/pl\/product\/magnet-full-circle\/","title":{"rendered":"Magnes (k\u00f3\u0142ko)"},"content":{"rendered":"<p>Zrobi\u0142am te magnesy z my\u015bl\u0105 o moich kalendarzach - okaza\u0142o si\u0119, \u017ce sporo os\u00f3b u\u017cywa ich jako osobne kartki zawieszone na lod\u00f3wce (lub \u015bcianie). Te magnesy b\u0119d\u0105 oczywi\u015bcie r\u00f3wnie dobre do przytrzymania w miejscu innych mi\u0142ych kartek. Kszta\u0142t okr\u0119gu pozwala zaznaczy\u0107 (wewn\u0105trz)  dat\u0119 czy s\u0142owo.<\/p>\n<p>Wszystkie magnesy r\u0119cznie pomalowa\u0142am. S\u0105 z kawa\u0142ka sklejki z przyklejonym z ty\u0142u magnesem. <\/p>\n<p>Zewn\u0119trzna \u015brednica to 5,9 cm. Dzi\u0119ki temu te magnesy mog\u0105 tworzy\u0107 zestaw z innymi w moim sklepie. (Da si\u0119 w\u0142o\u017cy\u0107 jeden w drugi).<\/p>\n<p>OSTRZE\u017bENIE - prosz\u0119 nie kupuj je\u015bli masz w domu ma\u0142e dziecko - ryzyko po\u0142kni\u0119cia.<br \/>\nRaz mi si\u0119 zdarzy\u0142o \u017ce upu\u015bci\u0142am magnes na pod\u0142og\u0119 i ta ma\u0142a, magnetyczna cz\u0119\u015b\u0107 z ty\u0142u odpad\u0142a. Wyobra\u017cam wi\u0119c sobie \u017ce niezauwa\u017cony magnes, mog\u0142aby by\u0107 znaleziony przez malucha i po\u0142kni\u0119ty.<\/p>","protected":false},"excerpt":{"rendered":"<p>I made these magnets with my calendars in mind &#8211; it turned out quite many people use them as separate pages displayed on the fridge (or wall). These magnets will be great for keeping other precious cards in place, too. The empty circle shape makes it possible to mark the date or a word etc. [&hellip;]<\/p>","protected":false},"featured_media":1071,"template":"","meta":[],"product_brand":[],"product_cat":[116],"product_tag":[],"class_list":{"0":"post-704","1":"product","2":"type-product","3":"status-publish","4":"has-post-thumbnail","6":"product_cat-magnets","8":"first","9":"instock","10":"shipping-taxable","11":"purchasable","12":"product-type-variable"},"_links":{"self":[{"href":"https:\/\/olaciernioch.com\/pl\/wp-json\/wp\/v2\/product\/704","targetHints":{"allow":["GET"]}}],"collection":[{"href":"https:\/\/olaciernioch.com\/pl\/wp-json\/wp\/v2\/product"}],"about":[{"href":"https:\/\/olaciernioch.com\/pl\/wp-json\/wp\/v2\/types\/product"}],"wp:featuredmedia":[{"embeddable":true,"href":"https:\/\/olaciernioch.com\/pl\/wp-json\/wp\/v2\/media\/1071"}],"wp:attachment":[{"href":"https:\/\/olaciernioch.com\/pl\/wp-json\/wp\/v2\/media?parent=704"}],"wp:term":[{"taxonomy":"product_brand","embeddable":true,"href":"https:\/\/olaciernioch.com\/pl\/wp-json\/wp\/v2\/product_brand?post=704"},{"taxonomy":"product_cat","embeddable":true,"href":"https:\/\/olaciernioch.com\/pl\/wp-json\/wp\/v2\/product_cat?post=704"},{"taxonomy":"product_tag","embeddable":true,"href":"https:\/\/olaciernioch.com\/pl\/wp-json\/wp\/v2\/product_tag?post=704"}],"curies":[{"name":"wp","href":"https:\/\/api.w.org\/{rel}","templated":true}]}}