{"id":677,"date":"2024-11-15T19:59:42","date_gmt":"2024-11-15T17:59:42","guid":{"rendered":"https:\/\/olaciernioch.com\/?post_type=product&#038;p=677"},"modified":"2026-01-02T19:13:09","modified_gmt":"2026-01-02T17:13:09","slug":"little-pleasures-a4","status":"publish","type":"product","link":"https:\/\/olaciernioch.com\/pl\/product\/little-pleasures-a4\/","title":{"rendered":"'Ma\u0142e przyjemno\u015bci' A4"},"content":{"rendered":"<p>Kiedy zacz\u0119\u0142am my\u015ble\u0107 o kalendarzu na 2025, zastanawia\u0142am si\u0119, co by wprawi\u0142o mnie w dobry nastr\u00f3j. I pomy\u015bla\u0142am o tych wszystkich ma\u0142ych, czasem niedocenianych rzeczach. O ma\u0142ych przyjemno\u015bciach.<\/p>\n<p>Ten obrazek stworzy\u0142am z my\u015bl\u0105 o listopadowej ilustracji do kalendarza. Potem jednak zmieni\u0142am zdanie stwierdzaj\u0105c \u017ce wol\u0119 zrobi\u0107 bardziej abstrakcyjny kalendarz, jak w zesz\u0142ym roku. Potem zn\u00f3w zmieni\u0142am zdanie i kalendarz nie jest abstrakcyjny, ale ten cudny drzemi\u0105cy kot jako\u015b do niego nie trafi\u0142. <\/p>\n<p>Oto on, jako osobny wydruk - w formacie A4. Wydrukowany na pi\u0119knym, grubym (250g) papierze 'corn crush' w z\u0142amanej bieli.<\/p>\n<p>Do mi\u0142ego, z \u017cyczeniami \u017ceby da\u0142 Ci troch\u0119 ciep\u0142a i spokoju i pom\u00f3g\u0142 zauwa\u017ca\u0107 jeszcze wi\u0119cej codziennych cud\u00f3w.<\/p>","protected":false},"excerpt":{"rendered":"<p>Wydruk cyfrowy A4 na 250g papierze w z\u0142amanej bieli<\/p>","protected":false},"featured_media":678,"template":"","meta":[],"product_brand":[],"product_cat":[29,30],"product_tag":[],"class_list":{"0":"post-677","1":"product","2":"type-product","3":"status-publish","4":"has-post-thumbnail","6":"product_cat-21x297-cm-a4","7":"product_cat-prints","9":"first","10":"instock","11":"sale","12":"shipping-taxable","13":"purchasable","14":"product-type-simple"},"_links":{"self":[{"href":"https:\/\/olaciernioch.com\/pl\/wp-json\/wp\/v2\/product\/677","targetHints":{"allow":["GET"]}}],"collection":[{"href":"https:\/\/olaciernioch.com\/pl\/wp-json\/wp\/v2\/product"}],"about":[{"href":"https:\/\/olaciernioch.com\/pl\/wp-json\/wp\/v2\/types\/product"}],"wp:featuredmedia":[{"embeddable":true,"href":"https:\/\/olaciernioch.com\/pl\/wp-json\/wp\/v2\/media\/678"}],"wp:attachment":[{"href":"https:\/\/olaciernioch.com\/pl\/wp-json\/wp\/v2\/media?parent=677"}],"wp:term":[{"taxonomy":"product_brand","embeddable":true,"href":"https:\/\/olaciernioch.com\/pl\/wp-json\/wp\/v2\/product_brand?post=677"},{"taxonomy":"product_cat","embeddable":true,"href":"https:\/\/olaciernioch.com\/pl\/wp-json\/wp\/v2\/product_cat?post=677"},{"taxonomy":"product_tag","embeddable":true,"href":"https:\/\/olaciernioch.com\/pl\/wp-json\/wp\/v2\/product_tag?post=677"}],"curies":[{"name":"wp","href":"https:\/\/api.w.org\/{rel}","templated":true}]}}