{"id":657,"date":"2024-07-30T08:56:29","date_gmt":"2024-07-30T06:56:29","guid":{"rendered":"https:\/\/olaciernioch.com\/?post_type=product&#038;p=657"},"modified":"2026-01-02T19:12:26","modified_gmt":"2026-01-02T17:12:26","slug":"sitting-seagull-collage","status":"publish","type":"product","link":"https:\/\/olaciernioch.com\/pl\/product\/sitting-seagull-collage\/","title":{"rendered":"'Siedz\u0105ca mewa' - kola\u017c"},"content":{"rendered":"<p>Jest zach\u00f3d s\u0142o\u0144ca. \u015awiat\u0142o zrobi\u0142o si\u0119 mi\u0119kkie, delikatne fale g\u0142aszcz\u0105 brzeg. Mewa ucina sobie drzemk\u0119 na w\u0105skim s\u0142upku i masz wra\u017cenie \u017ce widok nie by\u0142by kompletny bez niej.<\/p>\n<p>My\u015bla\u0142am o nogach mewy przez 4 dni. Mia\u0142am wra\u017cenie \u017ce i jedna, i dwie nogi b\u0119d\u0105 wygl\u0105da\u0107 dobrze, ale mewa mog\u0142a mie\u0107 tylko jedn\u0105 ALBO dwie nogi w tym samym czasie! Szcz\u0119\u015bliwie, wreszcie si\u0119 uda\u0142o.<\/p>\n<p>To r\u0119cznie zrobiony kola\u017c na pi\u0119knym papierze kt\u00f3ry wygl\u0105da jak piasek. S\u0142o\u0144ce zrobi\u0142am z tapety, kt\u00f3r\u0105 znalaz\u0142am w Po-Dzielni kilka lat temu. Pi\u00f3ra pomalowa\u0142am mewie naturalnym olejnym tuszem.<\/p>\n<p>U\u017cy\u0142am grubego (250g) papieru Corn Crush, kt\u00f3ry jest przyjazny \u015brodowisku. Jest zrobiony z ok. 15% z pozosta\u0142o\u015bci po produktach organicznych (w tym przypadku z kukurydzy) \u017ceby cz\u0119\u015bciowo zast\u0105pi\u0107 now\u0105 pulp\u0119 drzewn\u0105. Kolejne 40% pulpy jest zast\u0105pione papierem z recyklingu.<\/p>\n<p>Kola\u017c ma wymiart 14,8x21 cm (A5, jak zeszyt).<\/p>\n<p>Kola\u017c 'Mewa' to edycja 13 kopii , wszystkie podpisane i ponumerowane.<br \/>\nSprzedawany bez ramki.<\/p>","protected":false},"excerpt":{"rendered":"<p>Oryginalny, r\u0119cznie zrobiony kola\u017c. Format A5. <\/p>","protected":false},"featured_media":658,"template":"","meta":[],"product_brand":[],"product_cat":[85,81],"product_tag":[],"class_list":{"0":"post-657","1":"product","2":"type-product","3":"status-publish","4":"has-post-thumbnail","6":"product_cat-collage","7":"product_cat-original-artwork","9":"first","10":"instock","11":"sale","12":"shipping-taxable","13":"purchasable","14":"product-type-simple"},"_links":{"self":[{"href":"https:\/\/olaciernioch.com\/pl\/wp-json\/wp\/v2\/product\/657","targetHints":{"allow":["GET"]}}],"collection":[{"href":"https:\/\/olaciernioch.com\/pl\/wp-json\/wp\/v2\/product"}],"about":[{"href":"https:\/\/olaciernioch.com\/pl\/wp-json\/wp\/v2\/types\/product"}],"wp:featuredmedia":[{"embeddable":true,"href":"https:\/\/olaciernioch.com\/pl\/wp-json\/wp\/v2\/media\/658"}],"wp:attachment":[{"href":"https:\/\/olaciernioch.com\/pl\/wp-json\/wp\/v2\/media?parent=657"}],"wp:term":[{"taxonomy":"product_brand","embeddable":true,"href":"https:\/\/olaciernioch.com\/pl\/wp-json\/wp\/v2\/product_brand?post=657"},{"taxonomy":"product_cat","embeddable":true,"href":"https:\/\/olaciernioch.com\/pl\/wp-json\/wp\/v2\/product_cat?post=657"},{"taxonomy":"product_tag","embeddable":true,"href":"https:\/\/olaciernioch.com\/pl\/wp-json\/wp\/v2\/product_tag?post=657"}],"curies":[{"name":"wp","href":"https:\/\/api.w.org\/{rel}","templated":true}]}}