{"id":650,"date":"2024-07-26T20:00:49","date_gmt":"2024-07-26T18:00:49","guid":{"rendered":"https:\/\/olaciernioch.com\/?post_type=product&#038;p=650"},"modified":"2026-01-02T19:12:16","modified_gmt":"2026-01-02T17:12:16","slug":"650","status":"publish","type":"product","link":"https:\/\/olaciernioch.com\/pl\/product\/650\/","title":{"rendered":"'Mewa' - kola\u017c"},"content":{"rendered":"<p>\u015awieci letnie s\u0142o\u0144ce, a Ty le\u017cysz na piasku. Zamykasz oczy. Wszystko co s\u0142yszysz to wiatr, fale i tak, mewy. <\/p>\n<p>To r\u0119cznie zrobiony kola\u017c na pi\u0119knym, grubym (250 g) papierze, kt\u00f3ry wygl\u0105da jak piasek. S\u0142o\u0144ce zrobi\u0142am z czerpanego papieru ze Szkocji (o ile pami\u0119tam), w pewnym sensie ju\u017c vintage - przechowywa\u0142am go przez prawie 20 lat. Pi\u00f3ra pomalowa\u0142am mewie naturalnym olejnym tuszem.<\/p>\n<p>U\u017cy\u0142am grubego (250g) papieru Corn Crush, kt\u00f3ry jest przyjazny \u015brodowisku. Jest zrobiony z ok. 15% z pozosta\u0142o\u015bci po produktach organicznych (w tym przypadku z kukurydzy) \u017ceby cz\u0119\u015bciowo zast\u0105pi\u0107 now\u0105 pulp\u0119 drzewn\u0105. Kolejne 40% pulpy jest zast\u0105pione papierem z recyklingu.<\/p>\n<p>Kola\u017c ma wymiart 14,8x21 cm (A5, jak zeszyt).<\/p>\n<p>Kola\u017c 'Mewa' to edycja 18 kopii , wszystkie podpisane i ponumerowane.<br \/>\nSprzedawany bez ramki.<\/p>","protected":false},"excerpt":{"rendered":"<p>Oryginalny, r\u0119cznie robiony kola\u017c w formacie A5.<\/p>","protected":false},"featured_media":651,"template":"","meta":[],"product_brand":[],"product_cat":[85,81],"product_tag":[],"class_list":{"0":"post-650","1":"product","2":"type-product","3":"status-publish","4":"has-post-thumbnail","6":"product_cat-collage","7":"product_cat-original-artwork","9":"first","10":"instock","11":"sale","12":"shipping-taxable","13":"purchasable","14":"product-type-simple"},"_links":{"self":[{"href":"https:\/\/olaciernioch.com\/pl\/wp-json\/wp\/v2\/product\/650","targetHints":{"allow":["GET"]}}],"collection":[{"href":"https:\/\/olaciernioch.com\/pl\/wp-json\/wp\/v2\/product"}],"about":[{"href":"https:\/\/olaciernioch.com\/pl\/wp-json\/wp\/v2\/types\/product"}],"wp:featuredmedia":[{"embeddable":true,"href":"https:\/\/olaciernioch.com\/pl\/wp-json\/wp\/v2\/media\/651"}],"wp:attachment":[{"href":"https:\/\/olaciernioch.com\/pl\/wp-json\/wp\/v2\/media?parent=650"}],"wp:term":[{"taxonomy":"product_brand","embeddable":true,"href":"https:\/\/olaciernioch.com\/pl\/wp-json\/wp\/v2\/product_brand?post=650"},{"taxonomy":"product_cat","embeddable":true,"href":"https:\/\/olaciernioch.com\/pl\/wp-json\/wp\/v2\/product_cat?post=650"},{"taxonomy":"product_tag","embeddable":true,"href":"https:\/\/olaciernioch.com\/pl\/wp-json\/wp\/v2\/product_tag?post=650"}],"curies":[{"name":"wp","href":"https:\/\/api.w.org\/{rel}","templated":true}]}}