{"id":597,"date":"2024-06-11T12:54:27","date_gmt":"2024-06-11T10:54:27","guid":{"rendered":"https:\/\/olaciernioch.com\/?post_type=product&#038;p=597"},"modified":"2026-01-02T19:09:31","modified_gmt":"2026-01-02T17:09:31","slug":"swifts-collage-linocut","status":"publish","type":"product","link":"https:\/\/olaciernioch.com\/pl\/product\/swifts-collage-linocut\/","title":{"rendered":"'Jerzyki' - kola\u017c"},"content":{"rendered":"<p>Jedno z moich wspomnie\u0144 zwi\u0105zanych z czerwcem to jerzyki z ich charakterystycznym, wibruj\u0105cym odg\u0142osem kr\u0105\u017c\u0105ce po niebie nad naszym blokiem, tam gdzie si\u0119 wychowa\u0142am. Tutaj na Je\u017cycach, w Poznaniu, te\u017c je mamy! Lataj\u0105 tu du\u017co wy\u017cej  i nie widz\u0119 ich gniazd z balkonu, ale zawsze je ciesz\u0119 gdy zauwa\u017c\u0119 je pierwszy raz w roku. \u017be ju\u017c przylecia\u0142y - z latem i wolno\u015bci\u0105 wakacji.<\/p>\n<p>'Jerzyki' to cz\u0119\u015b\u0107 kolekcji '\u017bycie, z balkonu', o kt\u00f3rej mo\u017cna przeczyta\u0107 na blogu.<\/p>\n<p>To oryginalny, r\u0119cznie wykonany kola\u017c na pi\u0119knym jasno-kremowym papierze Lefranc Bourgeois Paris o gramaturze 150. Papier u\u017cyty do wycinania pomalowa\u0142am olejnym tuszem, jakiego u\u017cywam te\u017c do linorytu. Niebieskie t\u0142o jest namalowane przez szablon wa\u0142kiem do linorytu. Zrobi\u0142am \u0142\u0105cznie 9 kopii. Ka\u017cda z nich jest w pewnym sensie unikatem - kopie nieco si\u0119 od siebie r\u00f3\u017cni\u0105 bo s\u0105 r\u0119cznie malowane, wycinane i naklejane.<\/p>","protected":false},"excerpt":{"rendered":"<p>A3 original, handmade collage <\/p>","protected":false},"featured_media":599,"template":"","meta":[],"product_brand":[],"product_cat":[86],"product_tag":[],"class_list":{"0":"post-597","1":"product","2":"type-product","3":"status-publish","4":"has-post-thumbnail","6":"product_cat-collage-2","8":"first","9":"instock","10":"sale","11":"shipping-taxable","12":"purchasable","13":"product-type-simple"},"_links":{"self":[{"href":"https:\/\/olaciernioch.com\/pl\/wp-json\/wp\/v2\/product\/597","targetHints":{"allow":["GET"]}}],"collection":[{"href":"https:\/\/olaciernioch.com\/pl\/wp-json\/wp\/v2\/product"}],"about":[{"href":"https:\/\/olaciernioch.com\/pl\/wp-json\/wp\/v2\/types\/product"}],"wp:featuredmedia":[{"embeddable":true,"href":"https:\/\/olaciernioch.com\/pl\/wp-json\/wp\/v2\/media\/599"}],"wp:attachment":[{"href":"https:\/\/olaciernioch.com\/pl\/wp-json\/wp\/v2\/media?parent=597"}],"wp:term":[{"taxonomy":"product_brand","embeddable":true,"href":"https:\/\/olaciernioch.com\/pl\/wp-json\/wp\/v2\/product_brand?post=597"},{"taxonomy":"product_cat","embeddable":true,"href":"https:\/\/olaciernioch.com\/pl\/wp-json\/wp\/v2\/product_cat?post=597"},{"taxonomy":"product_tag","embeddable":true,"href":"https:\/\/olaciernioch.com\/pl\/wp-json\/wp\/v2\/product_tag?post=597"}],"curies":[{"name":"wp","href":"https:\/\/api.w.org\/{rel}","templated":true}]}}