{"id":566,"date":"2024-06-08T08:00:44","date_gmt":"2024-06-08T06:00:44","guid":{"rendered":"https:\/\/olaciernioch.com\/?post_type=product&#038;p=566"},"modified":"2026-02-02T12:57:32","modified_gmt":"2026-02-02T10:57:32","slug":"bumblebee-collage","status":"publish","type":"product","link":"https:\/\/olaciernioch.com\/pl\/product\/bumblebee-collage\/","title":{"rendered":"'Trzmiel' - kola\u017c"},"content":{"rendered":"<p>Trzmiele i pszczo\u0142y to chyba moje ulubione owady do obserwowania na balkonie. Motyle pewnie te\u017c by by\u0142y ulubione, ale p\u00f3ki co, wiosn\u0105, jeszcze tu nie przylatuj\u0105. Trzmiele najcz\u0119\u015bciej widz\u0119 przy kwiatach poziomek i bratk\u00f3w. Kr\u0105\u017c\u0105c, sprawiaj\u0105 wra\u017cenie jakby by\u0142y tu przez przypadek. Ale jednak wracaj\u0105, czyli jest w tym jaki\u015b wz\u00f3r.<\/p>\n<p>'Trzmiel' to cz\u0119\u015b\u0107 kolekcji '\u017bycie, z balkonu', o kt\u00f3rej mo\u017cna przeczyta\u0107 na blogu.<\/p>\n<p>To oryginalny, r\u0119cznie wykonany kola\u017c na pi\u0119knym  papierze Crush Corn w z\u0142amanej bieli o gramaturze 250. Papier u\u017cyty do wycinania pomalowa\u0142am olejnym tuszem, jakiego u\u017cywam te\u017c do linorytu. Zrobi\u0142am 3 kopie. Ka\u017cda z nich jest w pewnym sensie unikatem - kopie nieco si\u0119 od siebie r\u00f3\u017cni\u0105 bo s\u0105 r\u0119cznie malowane, wycinane i naklejane.<\/p>","protected":false},"excerpt":{"rendered":"<p>R\u0119cznie zrobiony kola\u017c w formacie A4<\/p>","protected":false},"featured_media":569,"template":"","meta":[],"product_brand":[],"product_cat":[86],"product_tag":[],"class_list":{"0":"post-566","1":"product","2":"type-product","3":"status-publish","4":"has-post-thumbnail","6":"product_cat-collage-2","8":"first","9":"instock","10":"sale","11":"shipping-taxable","12":"purchasable","13":"product-type-simple"},"_links":{"self":[{"href":"https:\/\/olaciernioch.com\/pl\/wp-json\/wp\/v2\/product\/566","targetHints":{"allow":["GET"]}}],"collection":[{"href":"https:\/\/olaciernioch.com\/pl\/wp-json\/wp\/v2\/product"}],"about":[{"href":"https:\/\/olaciernioch.com\/pl\/wp-json\/wp\/v2\/types\/product"}],"wp:featuredmedia":[{"embeddable":true,"href":"https:\/\/olaciernioch.com\/pl\/wp-json\/wp\/v2\/media\/569"}],"wp:attachment":[{"href":"https:\/\/olaciernioch.com\/pl\/wp-json\/wp\/v2\/media?parent=566"}],"wp:term":[{"taxonomy":"product_brand","embeddable":true,"href":"https:\/\/olaciernioch.com\/pl\/wp-json\/wp\/v2\/product_brand?post=566"},{"taxonomy":"product_cat","embeddable":true,"href":"https:\/\/olaciernioch.com\/pl\/wp-json\/wp\/v2\/product_cat?post=566"},{"taxonomy":"product_tag","embeddable":true,"href":"https:\/\/olaciernioch.com\/pl\/wp-json\/wp\/v2\/product_tag?post=566"}],"curies":[{"name":"wp","href":"https:\/\/api.w.org\/{rel}","templated":true}]}}