{"id":562,"date":"2024-06-08T08:00:56","date_gmt":"2024-06-08T06:00:56","guid":{"rendered":"https:\/\/olaciernioch.com\/?post_type=product&#038;p=562"},"modified":"2026-02-02T12:56:54","modified_gmt":"2026-02-02T10:56:54","slug":"spider-handmade-collage","status":"publish","type":"product","link":"https:\/\/olaciernioch.com\/pl\/product\/spider-handmade-collage\/","title":{"rendered":"'Paj\u0105k' - kola\u017c"},"content":{"rendered":"<p>Zawsze musz\u0119 si\u0119 przez chwil\u0119 zastanowi\u0107 - ile n\u00f3g maj\u0105 paj\u0105ki, a ile owady?<\/p>\n<p>'Paj\u0105k' to cz\u0119\u015b\u0107 kolekcji '\u017bycie, z balkonu', o kt\u00f3rej mo\u017cna przeczyta\u0107 te\u017c na blogu.<\/p>\n<p>To oryginalny, r\u0119cznie wykonany kola\u017c na pi\u0119knym jasno-kremowym papierze Lefranc Bourgeois Paris o gramaturze 150. Papier u\u017cyty do wycinania pomalowa\u0142am olejnym tuszem, jakiego u\u017cywam te\u017c do linorytu. Zrobi\u0142am tylko 2 kopie. Ka\u017cda z nich jest w pewnym sensie unikatem - kopie nieco si\u0119 od siebie r\u00f3\u017cni\u0105 bo s\u0105 r\u0119cznie malowane, wycinane i naklejane.<\/p>","protected":false},"excerpt":{"rendered":"<p>oryginalny, r\u0119cznie zrobiony kola\u017c A3<\/p>","protected":false},"featured_media":563,"template":"","meta":[],"product_brand":[],"product_cat":[86],"product_tag":[],"class_list":{"0":"post-562","1":"product","2":"type-product","3":"status-publish","4":"has-post-thumbnail","6":"product_cat-collage-2","8":"first","9":"instock","10":"sale","11":"shipping-taxable","12":"purchasable","13":"product-type-simple"},"_links":{"self":[{"href":"https:\/\/olaciernioch.com\/pl\/wp-json\/wp\/v2\/product\/562","targetHints":{"allow":["GET"]}}],"collection":[{"href":"https:\/\/olaciernioch.com\/pl\/wp-json\/wp\/v2\/product"}],"about":[{"href":"https:\/\/olaciernioch.com\/pl\/wp-json\/wp\/v2\/types\/product"}],"wp:featuredmedia":[{"embeddable":true,"href":"https:\/\/olaciernioch.com\/pl\/wp-json\/wp\/v2\/media\/563"}],"wp:attachment":[{"href":"https:\/\/olaciernioch.com\/pl\/wp-json\/wp\/v2\/media?parent=562"}],"wp:term":[{"taxonomy":"product_brand","embeddable":true,"href":"https:\/\/olaciernioch.com\/pl\/wp-json\/wp\/v2\/product_brand?post=562"},{"taxonomy":"product_cat","embeddable":true,"href":"https:\/\/olaciernioch.com\/pl\/wp-json\/wp\/v2\/product_cat?post=562"},{"taxonomy":"product_tag","embeddable":true,"href":"https:\/\/olaciernioch.com\/pl\/wp-json\/wp\/v2\/product_tag?post=562"}],"curies":[{"name":"wp","href":"https:\/\/api.w.org\/{rel}","templated":true}]}}