{"id":556,"date":"2024-06-08T08:00:44","date_gmt":"2024-06-08T06:00:44","guid":{"rendered":"https:\/\/olaciernioch.com\/?post_type=product&#038;p=556"},"modified":"2026-02-02T12:57:09","modified_gmt":"2026-02-02T10:57:09","slug":"ladybird-handmade-collage","status":"publish","type":"product","link":"https:\/\/olaciernioch.com\/pl\/product\/ladybird-handmade-collage\/","title":{"rendered":"'Biedronka' - kola\u017c"},"content":{"rendered":"<p>Biedronki zagl\u0105daj\u0105 czasem na nasz balkon. Na szcz\u0119\u015bcie! Bo mszyce czasem te\u017c.<\/p>\n<p>Ta praca mia\u0142a by\u0107 bardzo bardzo symboliczna - cztery kszta\u0142ty sk\u0142adaj\u0105ce si\u0119 w owada. Zacz\u0105\u0142 mi jednak chodzi\u0107 po g\u0142owie wierszyk \"Biedroneczko, le\u0107 do nieba...\" i pomy\u015bla\u0142am, \u017ce a co mi tam - dosta\u0142a te\u017c czu\u0142ki, kropki i s\u0142oneczko.<br \/>\n(Przy okazji pisania tekstu po angielsku, znalaz\u0142am angielsk\u0105 wersj\u0119 tej rymowanki - wol\u0119 po polsku!)<br \/>\nNie wiem, co mo\u017ce przynie\u015b\u0107 taka biedronka; mam nadziej\u0119 \u017ce Tobie przyniesie dobre wspomnienia i ciep\u0142o lata.<\/p>\n<p>'Biedronka' to cz\u0119\u015b\u0107 kolekcji '\u017bycie, z balkonu', o kt\u00f3rej mo\u017cna przeczyta\u0107 na blogu.<\/p>\n<p>To oryginalny, r\u0119cznie wykonany kola\u017c na pi\u0119knym jasno-kremowym papierze Lefranc Bourgeois Paris o gramaturze 150. Papier u\u017cyty do wycinania pomalowa\u0142am olejnym tuszem, jakiego u\u017cywam te\u017c do linorytu. Zrobi\u0142am 6 kopii. Ka\u017cda z nich jest w pewnym sensie unikatem - kopie nieco si\u0119 od siebie r\u00f3\u017cni\u0105 bo s\u0105 r\u0119cznie malowane, wycinane i naklejane.<\/p>","protected":false},"excerpt":{"rendered":"<p>oryginalny, r\u0119cznie zrobiony kola\u017c A3<\/p>","protected":false},"featured_media":559,"template":"","meta":[],"product_brand":[],"product_cat":[85],"product_tag":[],"class_list":{"0":"post-556","1":"product","2":"type-product","3":"status-publish","4":"has-post-thumbnail","6":"product_cat-collage","8":"first","9":"instock","10":"sale","11":"shipping-taxable","12":"purchasable","13":"product-type-simple"},"_links":{"self":[{"href":"https:\/\/olaciernioch.com\/pl\/wp-json\/wp\/v2\/product\/556","targetHints":{"allow":["GET"]}}],"collection":[{"href":"https:\/\/olaciernioch.com\/pl\/wp-json\/wp\/v2\/product"}],"about":[{"href":"https:\/\/olaciernioch.com\/pl\/wp-json\/wp\/v2\/types\/product"}],"wp:featuredmedia":[{"embeddable":true,"href":"https:\/\/olaciernioch.com\/pl\/wp-json\/wp\/v2\/media\/559"}],"wp:attachment":[{"href":"https:\/\/olaciernioch.com\/pl\/wp-json\/wp\/v2\/media?parent=556"}],"wp:term":[{"taxonomy":"product_brand","embeddable":true,"href":"https:\/\/olaciernioch.com\/pl\/wp-json\/wp\/v2\/product_brand?post=556"},{"taxonomy":"product_cat","embeddable":true,"href":"https:\/\/olaciernioch.com\/pl\/wp-json\/wp\/v2\/product_cat?post=556"},{"taxonomy":"product_tag","embeddable":true,"href":"https:\/\/olaciernioch.com\/pl\/wp-json\/wp\/v2\/product_tag?post=556"}],"curies":[{"name":"wp","href":"https:\/\/api.w.org\/{rel}","templated":true}]}}