{"id":512,"date":"2024-02-21T18:49:51","date_gmt":"2024-02-21T16:49:51","guid":{"rendered":"https:\/\/olaciernioch.com\/?post_type=product&#038;p=512"},"modified":"2026-02-04T11:31:41","modified_gmt":"2026-02-04T09:31:41","slug":"balance-with-green-a3","status":"publish","type":"product","link":"https:\/\/olaciernioch.com\/pl\/product\/balance-with-green-a3\/","title":{"rendered":"'R\u00f3wnowaga, z zielonym' (A3)"},"content":{"rendered":"<p>Uwielbiam ten odcie\u0144 zielonego. T\u0119 prac\u0119 zrobi\u0142am tu\u017c przed moj\u0105 pierwsz\u0105 wystaw\u0105 - w Noho na pozna\u0144skich Je\u017cycach, w listopadzie 2023. Bardzo si\u0119 przejmowa\u0142am. Szykowa\u0142am si\u0119 do wystawy, na stole mia\u0142am du\u017co rzeczy na raz, w tym to - podchodzi\u0142am, my\u015bla\u0142am, wraca\u0142am. I w ko\u0144cu, niespodziewanie, z\u0142apa\u0142am to. Z\u0142apa\u0142am r\u00f3wnowag\u0119. (Cho\u0107 pami\u0119tam \u017ce jeszcze par\u0119 dni wcze\u015bniej by\u0142am przekonana \u017ce \"to wszystko\" to b\u0119dzie totalna klapa i po co si\u0119 w og\u00f3le przebiera\u0107 z dres\u00f3w.)<\/p>\n<p>Oryginalna praca do kola\u017c ze zgromadzonych i pomalowanych przeze mnie papier\u00f3w (zielony i r\u00f3\u017cowy) i wydruk\u00f3w szablonami (czarny). Wydruk dobrze oddaje charakter orygina\u0142u, jego tekstury i kolory. Wydrukowane na grubszym, g\u0142adkim papierze.<\/p>\n<p>Ten plakat ma wymiary 29, 7 x 42 cm i pasuje do standardowych ramek. Ramka nie jest do\u0142\u0105czona.<\/p>\n<p>Ka\u017cdy wydruk jest r\u0119cznie podpisany.<\/p>","protected":false},"excerpt":{"rendered":"<p>Wydruk cyfrowy na bazie r\u0119cznie wykonanej pracy, format A3.<\/p>","protected":false},"featured_media":513,"template":"","meta":[],"product_brand":[],"product_cat":[75,30],"product_tag":[],"class_list":{"0":"post-512","1":"product","2":"type-product","3":"status-publish","4":"has-post-thumbnail","6":"product_cat-297x42-cm-a3","7":"product_cat-prints","9":"first","10":"instock","11":"sale","12":"shipping-taxable","13":"purchasable","14":"product-type-simple"},"_links":{"self":[{"href":"https:\/\/olaciernioch.com\/pl\/wp-json\/wp\/v2\/product\/512","targetHints":{"allow":["GET"]}}],"collection":[{"href":"https:\/\/olaciernioch.com\/pl\/wp-json\/wp\/v2\/product"}],"about":[{"href":"https:\/\/olaciernioch.com\/pl\/wp-json\/wp\/v2\/types\/product"}],"wp:featuredmedia":[{"embeddable":true,"href":"https:\/\/olaciernioch.com\/pl\/wp-json\/wp\/v2\/media\/513"}],"wp:attachment":[{"href":"https:\/\/olaciernioch.com\/pl\/wp-json\/wp\/v2\/media?parent=512"}],"wp:term":[{"taxonomy":"product_brand","embeddable":true,"href":"https:\/\/olaciernioch.com\/pl\/wp-json\/wp\/v2\/product_brand?post=512"},{"taxonomy":"product_cat","embeddable":true,"href":"https:\/\/olaciernioch.com\/pl\/wp-json\/wp\/v2\/product_cat?post=512"},{"taxonomy":"product_tag","embeddable":true,"href":"https:\/\/olaciernioch.com\/pl\/wp-json\/wp\/v2\/product_tag?post=512"}],"curies":[{"name":"wp","href":"https:\/\/api.w.org\/{rel}","templated":true}]}}