{"id":501,"date":"2024-02-21T15:33:38","date_gmt":"2024-02-21T13:33:38","guid":{"rendered":"https:\/\/olaciernioch.com\/?post_type=product&#038;p=501"},"modified":"2026-04-09T11:30:17","modified_gmt":"2026-04-09T09:30:17","slug":"501","status":"publish","type":"product","link":"https:\/\/olaciernioch.com\/pl\/product\/501\/","title":{"rendered":"Linoryt 'Spok\u00f3j'"},"content":{"rendered":"<p>Mia\u0142am kiedy\u015b kota, nazywa\u0142a si\u0119 Warkot. W takiej pozycji drzema\u0142a czasami po po\u0142udniu, kiedy w domu by\u0142o jeszcze do\u015b\u0107 ruchliwie. Jakby chcia\u0142a mie\u0107 pewno\u015b\u0107, \u017ce jej przes\u0142anie jest jasne \u2013 \u201eProsz\u0119 teraz o chwil\u0119 ciszy i spokoju\u201d.<\/p>\n<p>Jest to oryginalny, r\u0119cznie wykonany wydruk. Druk wykonano technik\u0105 linorytu, kt\u00f3ra polega na r\u0119cznym wyci\u0119ciu wzoru na gumowej powierzchni (linoleum), ka\u017cdorazowym pokryciu jej powierzchni farb\u0105 drukarsk\u0105 i przeniesieniu na papier za pomoc\u0105 prasy.<\/p>\n<p>Seria grafik \u201eSpok\u00f3j\u201d liczy 23 sztuki. Jedna (Authors Proof, kopia dla autora) zostanie u mnie, reszt\u0119 wy\u015bl\u0119 wed\u0142ug kolejno\u015bci numer\u00f3w. Jest to seria zamkni\u0119ta \u2013 co oznacza, \u017ce nie b\u0119dzie dodruk\u00f3w. Ka\u017cda odbitka  jest podpisana i ponumerowana. Poniewa\u017c wszystko jest wykonywane r\u0119cznie, wydruki nieznacznie si\u0119 od siebie r\u00f3\u017cni\u0105, dlatego zam\u00f3wiony egzemplarz mo\u017ce r\u00f3\u017cni\u0107 si\u0119 od tego na zdj\u0119ciu.<\/p>\n<p>Wydrukowano na teksturowanym, kremowobia\u0142ym papierze Fabriano o gramaturze 220 g.<\/p>\n<p>Zrobi\u0142am w lutym 2024r. w moim domowym studio na pozna\u0144skich Je\u017cycach.<\/p>\n<p>Ten wydruk ma wymiary 13 x 18 cm i pasuje do standardowych ramek lub otworu okiennego passe-partout 12 x 17 cm.<\/p>\n<p>Ramka nie jest do\u0142\u0105czona.<\/p>","protected":false},"excerpt":{"rendered":"<p>13 x 18 cm linocut print<\/p>","protected":false},"featured_media":502,"template":"","meta":[],"product_brand":[],"product_cat":[80,77],"product_tag":[],"class_list":{"0":"post-501","1":"product","2":"type-product","3":"status-publish","4":"has-post-thumbnail","6":"product_cat-13-x-18-cm","7":"product_cat-linocut-print","9":"first","10":"instock","11":"sale","12":"shipping-taxable","13":"purchasable","14":"product-type-simple"},"_links":{"self":[{"href":"https:\/\/olaciernioch.com\/pl\/wp-json\/wp\/v2\/product\/501","targetHints":{"allow":["GET"]}}],"collection":[{"href":"https:\/\/olaciernioch.com\/pl\/wp-json\/wp\/v2\/product"}],"about":[{"href":"https:\/\/olaciernioch.com\/pl\/wp-json\/wp\/v2\/types\/product"}],"wp:featuredmedia":[{"embeddable":true,"href":"https:\/\/olaciernioch.com\/pl\/wp-json\/wp\/v2\/media\/502"}],"wp:attachment":[{"href":"https:\/\/olaciernioch.com\/pl\/wp-json\/wp\/v2\/media?parent=501"}],"wp:term":[{"taxonomy":"product_brand","embeddable":true,"href":"https:\/\/olaciernioch.com\/pl\/wp-json\/wp\/v2\/product_brand?post=501"},{"taxonomy":"product_cat","embeddable":true,"href":"https:\/\/olaciernioch.com\/pl\/wp-json\/wp\/v2\/product_cat?post=501"},{"taxonomy":"product_tag","embeddable":true,"href":"https:\/\/olaciernioch.com\/pl\/wp-json\/wp\/v2\/product_tag?post=501"}],"curies":[{"name":"wp","href":"https:\/\/api.w.org\/{rel}","templated":true}]}}