{"id":496,"date":"2024-02-13T23:53:59","date_gmt":"2024-02-13T21:53:59","guid":{"rendered":"https:\/\/olaciernioch.com\/?post_type=product&#038;p=496"},"modified":"2026-01-02T19:04:01","modified_gmt":"2026-01-02T17:04:01","slug":"pleasure-linocut","status":"publish","type":"product","link":"https:\/\/olaciernioch.com\/pl\/product\/pleasure-linocut\/","title":{"rendered":"Linoryt 'Przyjemno\u015b\u0107'"},"content":{"rendered":"<p>Inspiracj\u0105 do zrobienia tej grafiki by\u0142 pies Rorek, kt\u00f3ry mieszka\u0142 w moim domu rodzinnym w \u0141agowie i zmar\u0142 latem ubieg\u0142ego roku. I chc\u0119 go takiego zapami\u0119ta\u0107 - szcz\u0119\u015bliwego i mi\u0119kkiego, w\u0105chaj\u0105cego powietrze, pij\u0105cego wod\u0119 z jeziora w swoim ulubionym miejscu i przeci\u0105gaj\u0105cego si\u0119 na dywanie z tymi swoimi \u015bmiesznymi wtedy uszami. S\u0142ysza\u0142 wo\u0142anie swojego imienia, ale nie spieszy\u0142 si\u0119, je\u015bli robi\u0142 co\u015b przyjemnego. Ca\u0142y by\u0142 przyjemno\u015bci\u0105.<\/p>\n<p>Jest to oryginalny, r\u0119cznie wykonany wydruk. Druk wykonano technik\u0105 linorytu, kt\u00f3ra polega na r\u0119cznym wyci\u0119ciu wzoru na gumowej powierzchni (linoleum), ka\u017cdorazowym pokryciu jej powierzchni farb\u0105 drukarsk\u0105 i przeniesieniu na papier za pomoc\u0105 prasy.<\/p>\n<p>To m\u00f3j pierwszy wydruk wykonany matryc\u0105 tracon\u0105. Oznacza to, \u017ce zrobi\u0142am pocz\u0105tkow\u0105 matryc\u0119 i wydrukowa\u0142am pierwszy kolor (ochra\/br\u0105z) na wszystkich odbitkach, a nast\u0119pnie wyci\u0105\u0142em fragmenty matrycy, \u017ceby wydrukowa\u0107 na niej drugi kolor (czarny). Dlatego nie mo\u017cna jej ju\u017c nigdy u\u017cy\u0107 w oryginalnej formie, nawet gdybym chcia\u0142a.<\/p>\n<p>Seria grafik \u201ePleasure\u201d liczy 27 sztuk. Jedna (Authors Proof, kopia dla autora) zostanie u mnie, reszt\u0119 wy\u015bl\u0119 wed\u0142ug kolejno\u015bci numer\u00f3w. Jest to seria zamkni\u0119ta \u2013 co oznacza, \u017ce nie b\u0119dzie dodruk\u00f3w. Ka\u017cda odbitka  jest podpisana i ponumerowana. Poniewa\u017c wszystko jest wykonywane r\u0119cznie, wydruki nieznacznie si\u0119 od siebie r\u00f3\u017cni\u0105, dlatego zam\u00f3wiony egzemplarz mo\u017ce r\u00f3\u017cni\u0107 si\u0119 od tego na zdj\u0119ciu.<\/p>\n<p>Wydrukowano na teksturowanym, kremowobia\u0142ym papierze Canson o gramaturze 150 g.<\/p>\n<p>Zrobi\u0142am w lutym 2024r. w moim domowym studio na pozna\u0144skich Je\u017cycach.<\/p>\n<p>Ten wydruk ma wymiary 13 x 18 cm i pasuje do standardowych ramek lub otworu okiennego passe-partout 12 x 17 cm.<\/p>\n<p>Ramka nie jest do\u0142\u0105czona.<\/p>","protected":false},"excerpt":{"rendered":"<p>linoryt 13 x 18 cm<\/p>","protected":false},"featured_media":500,"template":"","meta":[],"product_brand":[],"product_cat":[80,57,77],"product_tag":[],"class_list":{"0":"post-496","1":"product","2":"type-product","3":"status-publish","4":"has-post-thumbnail","6":"product_cat-13-x-18-cm","7":"product_cat-cards","8":"product_cat-linocut-print","10":"first","11":"instock","12":"sale","13":"shipping-taxable","14":"purchasable","15":"product-type-simple"},"_links":{"self":[{"href":"https:\/\/olaciernioch.com\/pl\/wp-json\/wp\/v2\/product\/496","targetHints":{"allow":["GET"]}}],"collection":[{"href":"https:\/\/olaciernioch.com\/pl\/wp-json\/wp\/v2\/product"}],"about":[{"href":"https:\/\/olaciernioch.com\/pl\/wp-json\/wp\/v2\/types\/product"}],"wp:featuredmedia":[{"embeddable":true,"href":"https:\/\/olaciernioch.com\/pl\/wp-json\/wp\/v2\/media\/500"}],"wp:attachment":[{"href":"https:\/\/olaciernioch.com\/pl\/wp-json\/wp\/v2\/media?parent=496"}],"wp:term":[{"taxonomy":"product_brand","embeddable":true,"href":"https:\/\/olaciernioch.com\/pl\/wp-json\/wp\/v2\/product_brand?post=496"},{"taxonomy":"product_cat","embeddable":true,"href":"https:\/\/olaciernioch.com\/pl\/wp-json\/wp\/v2\/product_cat?post=496"},{"taxonomy":"product_tag","embeddable":true,"href":"https:\/\/olaciernioch.com\/pl\/wp-json\/wp\/v2\/product_tag?post=496"}],"curies":[{"name":"wp","href":"https:\/\/api.w.org\/{rel}","templated":true}]}}