{"id":489,"date":"2024-02-13T19:35:05","date_gmt":"2024-02-13T17:35:05","guid":{"rendered":"https:\/\/olaciernioch.com\/?post_type=product&#038;p=489"},"modified":"2026-01-02T19:04:26","modified_gmt":"2026-01-02T17:04:26","slug":"dirty-windows-linocut","status":"publish","type":"product","link":"https:\/\/olaciernioch.com\/pl\/product\/dirty-windows-linocut\/","title":{"rendered":"Linoryt 'Brudne szyby'"},"content":{"rendered":"<p>Kot widzi wszystko, ale czy si\u0119 wszystkim przejmuje? W\u0105tpi\u0119. S\u0142o\u0144ce grzeje przez ka\u017cde szyby.<\/p>\n<p>Je\u015bli w og\u00f3le \u015bwieci s\u0142o\u0144ce. Je\u015bli nie - rozejrzy si\u0119 za innymi \u017ar\u00f3d\u0142ami ciep\u0142a.<\/p>\n<p>Jest to oryginalny, r\u0119cznie wykonany wydruk. Druk wykonano technik\u0105 linorytu, kt\u00f3ra polega na r\u0119cznym wyci\u0119ciu wzoru na gumowej powierzchni (linoleum), ka\u017cdorazowym pokryciu jej powierzchni farb\u0105 drukarsk\u0105 i przeniesieniu na papier za pomoc\u0105 prasy.<\/p>\n<p>Seria wydruk\u00f3w \u201eBrudne szyby\u201d liczy jedynie 20 sztuk. Jedna (1\/20) zostanie u mnie, reszt\u0119 wy\u015bl\u0119 wed\u0142ug kolejno\u015bci numeracji. To seria zamkni\u0119ta \u2013 co oznacza, \u017ce nie planuj\u0119 jej wznawiania w takiej wersji. Ka\u017cda odbitka jest podpisany, ponumerowany i oznaczony jako H.M.P. (Hand Modified Print, r\u0119cznie modyfikowany druk) po dodaniu element\u00f3w kola\u017cu - tutaj mikroskopijnego, to oczy. Ze wzgl\u0119du na to, \u017ce wszystko jest robione r\u0119cznie, odbitki r\u00f3\u017cni\u0105 si\u0119 nieznacznie od siebie, a zatem Twoja zam\u00f3wiona kopia mo\u017ce r\u00f3\u017cni\u0107 si\u0119 od tej na zdj\u0119ciu.<\/p>\n<p>Wydrukowane na g\u0142adkim, bia\u0142ym papierze o gramaturze 170g.<\/p>\n<p>Zrobi\u0142am w styczniu i lutym 2024r. w moim domowym studio na pozna\u0144skich Je\u017cycach.<\/p>\n<p>Ta odbitka ma wymiary 29,7 x 42 cm (format A3) i b\u0119dzie pasowa\u0142a do standardowych ramek albo passe-partout z wyci\u0119ciem okienka 28,7 x 41 cm (i nieco mniejszym te\u017c).<\/p>\n<p>Ramka nie jest do\u0142\u0105czona.<\/p>","protected":false},"excerpt":{"rendered":"<p>linoryt A3<\/p>","protected":false},"featured_media":490,"template":"","meta":[],"product_brand":[],"product_cat":[75,79,77],"product_tag":[],"class_list":{"0":"post-489","1":"product","2":"type-product","3":"status-publish","4":"has-post-thumbnail","6":"product_cat-297x42-cm-a3","7":"product_cat-a3-linocut","8":"product_cat-linocut-print","10":"first","11":"instock","12":"sale","13":"shipping-taxable","14":"purchasable","15":"product-type-simple"},"_links":{"self":[{"href":"https:\/\/olaciernioch.com\/pl\/wp-json\/wp\/v2\/product\/489","targetHints":{"allow":["GET"]}}],"collection":[{"href":"https:\/\/olaciernioch.com\/pl\/wp-json\/wp\/v2\/product"}],"about":[{"href":"https:\/\/olaciernioch.com\/pl\/wp-json\/wp\/v2\/types\/product"}],"wp:featuredmedia":[{"embeddable":true,"href":"https:\/\/olaciernioch.com\/pl\/wp-json\/wp\/v2\/media\/490"}],"wp:attachment":[{"href":"https:\/\/olaciernioch.com\/pl\/wp-json\/wp\/v2\/media?parent=489"}],"wp:term":[{"taxonomy":"product_brand","embeddable":true,"href":"https:\/\/olaciernioch.com\/pl\/wp-json\/wp\/v2\/product_brand?post=489"},{"taxonomy":"product_cat","embeddable":true,"href":"https:\/\/olaciernioch.com\/pl\/wp-json\/wp\/v2\/product_cat?post=489"},{"taxonomy":"product_tag","embeddable":true,"href":"https:\/\/olaciernioch.com\/pl\/wp-json\/wp\/v2\/product_tag?post=489"}],"curies":[{"name":"wp","href":"https:\/\/api.w.org\/{rel}","templated":true}]}}