{"id":464,"date":"2024-01-24T13:27:56","date_gmt":"2024-01-24T11:27:56","guid":{"rendered":"https:\/\/olaciernioch.com\/?post_type=product&#038;p=464"},"modified":"2025-08-02T17:57:44","modified_gmt":"2025-08-02T15:57:44","slug":"beginning","status":"publish","type":"product","link":"https:\/\/olaciernioch.com\/pl\/product\/beginning\/","title":{"rendered":"Linoryt 'Pocz\u0105tek'"},"content":{"rendered":"<p>Ka\u017cdy pocz\u0105tek ma gdzie\u015b pocz\u0105tek - bo \"nigdy nie jeste\u015bmy na pocz\u0105tku drogi\" (Agnieszka Stein), i tutaj wyra\u017anie to widz\u0119. Do linorytu wr\u00f3ci\u0142am po kilku latach, nawet narz\u0119dzia mia\u0142am ju\u017c w domu. Dla mnie \"Pocz\u0105tek\" to do\u015b\u0107 prze\u0142omowa grafika - w pewnym sensie pierwsza, bo by\u0142a kolejnym krokiem w pozwalaniu sobie tworzy\u0107 po swojemu. Jest dla mnie o czu\u0142o\u015bci i pochyleniu si\u0119 nad czym\u015b wa\u017cnym.<\/p>\n<p>Jest to oryginalny, r\u0119cznie wykonany wydruk. Druk wykonano technik\u0105 linorytu, kt\u00f3ra polega na r\u0119cznym wyci\u0119ciu wzoru na gumowej powierzchni (linoleum), ka\u017cdorazowym pokryciu jej powierzchni farb\u0105 drukarsk\u0105 i przeniesieniu na papier za pomoc\u0105 prasy. <\/p>\n<p>\"Pocz\u0105tek\" to otwarta seria. W tym przypadku dla mnie to znaczy, \u017ce wydrukuj\u0119 kolejne kilka gdy pierwsza \"porcja\" si\u0119 wyprzeda. W tej chwili dost\u0119pnych jest 9 odbitek. Ca\u0142kowita liczba b\u0119dzie nie wi\u0119ksza ni\u017c 30. Dodatkowo, jedna odbitka to test pr\u00f3bny (Test Print), jedna jako kopia dla autoraki (Artist Proof). Te dwie zostan\u0105 ze mn\u0105. Pozosta\u0142e b\u0119d\u0119 wysy\u0142a\u0107 wed\u0142ug kolejno\u015bci numer\u00f3w. Ka\u017cda odbitka jest podpisana i numerowana, i oznaczona jako OE (Open Edition, edycja otwarta) i H.M.P. (Hand Modified Print, odbitka r\u0119cznie modyfikowana), bo doklei\u0142am elementy z pomalowanego i wklejonego papieru (czarne kropki). Ka\u017cda odbitka mo\u017ce si\u0119 nieznacznie r\u00f3\u017cni\u0107, ze wzgl\u0119du na to \u017ce jest robiona r\u0119cznie. <\/p>\n<p>Wydrukowa\u0142am w styczniu 2024r. w moim domowym studio na pozna\u0144skich Je\u017cycach.<\/p>\n<p>Ta odbitka ma wymiary 29,7 x 42 cm (format A3) i b\u0119dzie pasowa\u0142a do standardowych ramek albo passe-partout z wyci\u0119ciem okienka 28,7 x 41 cm.<\/p>","protected":false},"excerpt":{"rendered":"<p>linoryt A3<\/p>","protected":false},"featured_media":466,"template":"","meta":[],"product_brand":[],"product_cat":[75,79,77],"product_tag":[],"class_list":{"0":"post-464","1":"product","2":"type-product","3":"status-publish","4":"has-post-thumbnail","6":"product_cat-297x42-cm-a3","7":"product_cat-a3-linocut","8":"product_cat-linocut-print","10":"first","11":"instock","12":"shipping-taxable","13":"purchasable","14":"product-type-simple"},"_links":{"self":[{"href":"https:\/\/olaciernioch.com\/pl\/wp-json\/wp\/v2\/product\/464","targetHints":{"allow":["GET"]}}],"collection":[{"href":"https:\/\/olaciernioch.com\/pl\/wp-json\/wp\/v2\/product"}],"about":[{"href":"https:\/\/olaciernioch.com\/pl\/wp-json\/wp\/v2\/types\/product"}],"wp:featuredmedia":[{"embeddable":true,"href":"https:\/\/olaciernioch.com\/pl\/wp-json\/wp\/v2\/media\/466"}],"wp:attachment":[{"href":"https:\/\/olaciernioch.com\/pl\/wp-json\/wp\/v2\/media?parent=464"}],"wp:term":[{"taxonomy":"product_brand","embeddable":true,"href":"https:\/\/olaciernioch.com\/pl\/wp-json\/wp\/v2\/product_brand?post=464"},{"taxonomy":"product_cat","embeddable":true,"href":"https:\/\/olaciernioch.com\/pl\/wp-json\/wp\/v2\/product_cat?post=464"},{"taxonomy":"product_tag","embeddable":true,"href":"https:\/\/olaciernioch.com\/pl\/wp-json\/wp\/v2\/product_tag?post=464"}],"curies":[{"name":"wp","href":"https:\/\/api.w.org\/{rel}","templated":true}]}}