{"id":436,"date":"2023-11-17T10:00:37","date_gmt":"2023-11-17T08:00:37","guid":{"rendered":"https:\/\/olaciernioch.com\/?post_type=product&#038;p=436"},"modified":"2026-04-20T11:56:13","modified_gmt":"2026-04-20T09:56:13","slug":"pink-upside-down-a3","status":"publish","type":"product","link":"https:\/\/olaciernioch.com\/pl\/product\/pink-upside-down-a3\/","title":{"rendered":"'R\u00f3\u017cowy do g\u00f3ry nogami' (A3)"},"content":{"rendered":"<p>Kojarzysz ten moment? Jest lato, ciep\u0142y ranek, pewnie w sobot\u0119. W\u0142a\u015bciwie jeszcze \u015bpisz, ale ju\u017c czujesz s\u0142o\u0144ce na twarzy, a przez powieki prze\u015bwituj\u0105 kolory i kszta\u0142ty, plamy. Gdy pr\u00f3bujesz rozpozna\u0107, co to jest, koncentrujesz si\u0119 - budzisz si\u0119. Seria prac z r\u00f3\u017cowym i \u017c\u00f3\u0142tym, kt\u00f3r\u0105 roboczo nazywam \"R\u00f3\u017cowy b\u00f3b\", cho\u0107 pewnie mo\u017cna by te\u017c \"Pod powiekami\", to pr\u00f3ba z\u0142apania tych kszta\u0142t\u00f3w. I puszczenia dalej luzem, bo jednak najpi\u0119kniej by\u0142o w tamtej chwili tu\u017c przed przebudzeniem.<\/p>\n<p>Oryginalna praca to obraz akrylowy na papierze, z u\u017cyciem monodruku i szablon\u00f3w. Wydruk dobrze oddaje wra\u017cenie faktur i kolor\u00f3w orygina\u0142u. Wydrukowany na grubszym, g\u0142adkim papierze - 200g, satynowany.<br \/>\nDrukuj\u0119 moje prace w ich oryginalnych albo zbli\u017conych rozmiarach je\u015bli widz\u0119 sens zmiany.<br \/>\nTen wydruk ma wymiary 29,7 x 42 cm i b\u0119dzie pasowa\u0142 do standardowych ramek.<\/p>\n<p>Ramka nie jest do\u0142\u0105czona. <\/p>\n<p>Ka\u017cdy plakat b\u0119dzie r\u0119cznie podpisany.<\/p>","protected":false},"excerpt":{"rendered":"<p>Wydruk cyfrowy na bazie r\u0119cznie wykonanej pracy, format A3.<br \/>\nCz\u0119\u015b\u0107 serii 'Pod powiekami'<\/p>","protected":false},"featured_media":437,"template":"","meta":[],"product_brand":[],"product_cat":[75,30],"product_tag":[44,76],"class_list":{"0":"post-436","1":"product","2":"type-product","3":"status-publish","4":"has-post-thumbnail","6":"product_cat-297x42-cm-a3","7":"product_cat-prints","8":"product_tag-abstract","9":"product_tag-behind-the-eyelids","11":"first","12":"instock","13":"sale","14":"shipping-taxable","15":"purchasable","16":"product-type-simple"},"_links":{"self":[{"href":"https:\/\/olaciernioch.com\/pl\/wp-json\/wp\/v2\/product\/436","targetHints":{"allow":["GET"]}}],"collection":[{"href":"https:\/\/olaciernioch.com\/pl\/wp-json\/wp\/v2\/product"}],"about":[{"href":"https:\/\/olaciernioch.com\/pl\/wp-json\/wp\/v2\/types\/product"}],"wp:featuredmedia":[{"embeddable":true,"href":"https:\/\/olaciernioch.com\/pl\/wp-json\/wp\/v2\/media\/437"}],"wp:attachment":[{"href":"https:\/\/olaciernioch.com\/pl\/wp-json\/wp\/v2\/media?parent=436"}],"wp:term":[{"taxonomy":"product_brand","embeddable":true,"href":"https:\/\/olaciernioch.com\/pl\/wp-json\/wp\/v2\/product_brand?post=436"},{"taxonomy":"product_cat","embeddable":true,"href":"https:\/\/olaciernioch.com\/pl\/wp-json\/wp\/v2\/product_cat?post=436"},{"taxonomy":"product_tag","embeddable":true,"href":"https:\/\/olaciernioch.com\/pl\/wp-json\/wp\/v2\/product_tag?post=436"}],"curies":[{"name":"wp","href":"https:\/\/api.w.org\/{rel}","templated":true}]}}