{"id":361,"date":"2023-11-05T20:59:00","date_gmt":"2023-11-05T18:59:00","guid":{"rendered":"https:\/\/olaciernioch.com\/?post_type=product&#038;p=361"},"modified":"2026-03-04T11:44:38","modified_gmt":"2026-03-04T09:44:38","slug":"strange-desert-30x40cm","status":"publish","type":"product","link":"https:\/\/olaciernioch.com\/pl\/product\/strange-desert-30x40cm\/","title":{"rendered":"Dziwna pustynia (A3)"},"content":{"rendered":"<p>Ta praca to trzecia z serii trzech, kt\u00f3re zrobi\u0142am kiedy\u015b jesieni\u0105. Co to znaczy by\u0107 samemu, a co sprawia, \u017ce ludzie czuj\u0105 si\u0119 samotni? Dziwne r\u00f3\u017cowe \u015bwiat\u0142o i nieco surrealistyczne kolory i kszta\u0142ty kojarz\u0105 mi si\u0119 z marzeniami na jawie i otwarto\u015bci\u0105 na zachwyty codzienno\u015bci\u0105.<br \/>\nI a\u017c mog\u0119 tam siebie wyobrazi\u0107, lec\u0105c\u0105 na czarodziejskim dywanie albo w sterowcu nad tym dziwnym krajobrazem.<\/p>\n<p>Oryginalna praca to kola\u017c ze zgromadzonych i pomalowanych przeze mnie papier\u00f3w. Wydruk dobrze oddaje klimat orygina\u0142u, jego faktur i kolor\u00f3w. Wydrukowane na grubszym, g\u0142adkim papierze - 200g, satynowany.<\/p>\n<p>Drukuj\u0119 moje prace w ich oryginalnych rozmiarach lub zbli\u017conych - je\u015bli widz\u0119 sens zmiany. Ten wydruk ma format A3 (29,7x42 cm) i b\u0119dzie pasowa\u0142 do standardowych ramek.<\/p>\n<p>Ramka nie jest do\u0142\u0105czona.<\/p>\n<p>Ka\u017cdy plakat b\u0119dzie r\u0119cznie podpisany.<\/p>","protected":false},"excerpt":{"rendered":"<p>Wydruk cyfrowy na bazie r\u0119cznie wykonanej pracy, format A3.<\/p>","protected":false},"featured_media":364,"template":"","meta":[],"product_brand":[],"product_cat":[75,30],"product_tag":[38,39,37],"class_list":{"0":"post-361","1":"product","2":"type-product","3":"status-publish","4":"has-post-thumbnail","6":"product_cat-297x42-cm-a3","7":"product_cat-prints","8":"product_tag-desert","9":"product_tag-moon","10":"product_tag-nature","12":"first","13":"instock","14":"sale","15":"shipping-taxable","16":"purchasable","17":"product-type-simple"},"_links":{"self":[{"href":"https:\/\/olaciernioch.com\/pl\/wp-json\/wp\/v2\/product\/361","targetHints":{"allow":["GET"]}}],"collection":[{"href":"https:\/\/olaciernioch.com\/pl\/wp-json\/wp\/v2\/product"}],"about":[{"href":"https:\/\/olaciernioch.com\/pl\/wp-json\/wp\/v2\/types\/product"}],"wp:featuredmedia":[{"embeddable":true,"href":"https:\/\/olaciernioch.com\/pl\/wp-json\/wp\/v2\/media\/364"}],"wp:attachment":[{"href":"https:\/\/olaciernioch.com\/pl\/wp-json\/wp\/v2\/media?parent=361"}],"wp:term":[{"taxonomy":"product_brand","embeddable":true,"href":"https:\/\/olaciernioch.com\/pl\/wp-json\/wp\/v2\/product_brand?post=361"},{"taxonomy":"product_cat","embeddable":true,"href":"https:\/\/olaciernioch.com\/pl\/wp-json\/wp\/v2\/product_cat?post=361"},{"taxonomy":"product_tag","embeddable":true,"href":"https:\/\/olaciernioch.com\/pl\/wp-json\/wp\/v2\/product_tag?post=361"}],"curies":[{"name":"wp","href":"https:\/\/api.w.org\/{rel}","templated":true}]}}