{"id":350,"date":"2023-11-05T14:20:23","date_gmt":"2023-11-05T12:20:23","guid":{"rendered":"https:\/\/olaciernioch.com\/?post_type=product&#038;p=350"},"modified":"2026-03-04T11:44:57","modified_gmt":"2026-03-04T09:44:57","slug":"city-daydreaming-a3","status":"publish","type":"product","link":"https:\/\/olaciernioch.com\/pl\/product\/city-daydreaming-a3\/","title":{"rendered":"Dziwne miasto (A3)"},"content":{"rendered":"<p>Ta praca jest cz\u0119\u015bci\u0105 pierwsz\u0105 z serii trzech, kt\u00f3re zrobi\u0142em kiedy\u015b jesieni\u0105. Co to znaczy by\u0107 samemu, a co sprawia, \u017ce ludzie czuj\u0105 si\u0119 samotni? Dziwne r\u00f3\u017cowe \u015bwiat\u0142o i nieco surrealistyczne kolory i kszta\u0142ty (zw\u0142aszcza w dw\u00f3ch kolejnych z serii) kojarz\u0105 mi si\u0119 z marzeniami na jawie i otwarto\u015bci\u0105 na zachwyty codzienno\u015bci\u0105.<\/p>\n<p>Oryginalna praca to kola\u017c ze zgromadzonych i pomalowanych przeze mnie papier\u00f3w. Wydruk dobrze oddaje klimat orygina\u0142u, jego faktur i kolor\u00f3w. Wydrukowane na grubszym, g\u0142adkim papierze - 200g, satynowany.<br \/>\nDrukuj\u0119 moje prace w ich oryginalnych rozmiarach lub zbli\u017conych - je\u015bli widz\u0119 sens zmiany. Ten wydruk ma format A3 (29,7x42 cm) i b\u0119dzie pasowa\u0142 do standardowych ramek.<\/p>\n<p>Ramka nie jest do\u0142\u0105czona. <\/p>\n<p>Ka\u017cdy plakat b\u0119dzie r\u0119cznie podpisany.<\/p>","protected":false},"excerpt":{"rendered":"<p>Wydruk cyfrowy na bazie r\u0119cznie wykonanej pracy, format A3.<\/p>","protected":false},"featured_media":351,"template":"","meta":[],"product_brand":[],"product_cat":[75,30],"product_tag":[36,34,35],"class_list":{"0":"post-350","1":"product","2":"type-product","3":"status-publish","4":"has-post-thumbnail","6":"product_cat-297x42-cm-a3","7":"product_cat-prints","8":"product_tag-landscape","9":"product_tag-poster","10":"product_tag-print","12":"first","13":"instock","14":"sale","15":"shipping-taxable","16":"purchasable","17":"product-type-simple"},"_links":{"self":[{"href":"https:\/\/olaciernioch.com\/pl\/wp-json\/wp\/v2\/product\/350","targetHints":{"allow":["GET"]}}],"collection":[{"href":"https:\/\/olaciernioch.com\/pl\/wp-json\/wp\/v2\/product"}],"about":[{"href":"https:\/\/olaciernioch.com\/pl\/wp-json\/wp\/v2\/types\/product"}],"wp:featuredmedia":[{"embeddable":true,"href":"https:\/\/olaciernioch.com\/pl\/wp-json\/wp\/v2\/media\/351"}],"wp:attachment":[{"href":"https:\/\/olaciernioch.com\/pl\/wp-json\/wp\/v2\/media?parent=350"}],"wp:term":[{"taxonomy":"product_brand","embeddable":true,"href":"https:\/\/olaciernioch.com\/pl\/wp-json\/wp\/v2\/product_brand?post=350"},{"taxonomy":"product_cat","embeddable":true,"href":"https:\/\/olaciernioch.com\/pl\/wp-json\/wp\/v2\/product_cat?post=350"},{"taxonomy":"product_tag","embeddable":true,"href":"https:\/\/olaciernioch.com\/pl\/wp-json\/wp\/v2\/product_tag?post=350"}],"curies":[{"name":"wp","href":"https:\/\/api.w.org\/{rel}","templated":true}]}}