{"id":250,"date":"2023-10-12T01:22:27","date_gmt":"2023-10-11T23:22:27","guid":{"rendered":"https:\/\/olaciernioch.com\/?post_type=product&#038;p=250"},"modified":"2026-03-04T11:46:16","modified_gmt":"2026-03-04T09:46:16","slug":"orange-no-1","status":"publish","type":"product","link":"https:\/\/olaciernioch.com\/pl\/product\/orange-no-1\/","title":{"rendered":"'Pomara\u0144cza nr 1' (A4)"},"content":{"rendered":"<p>'Pomara\u0144cza nr 1'<\/p>\n<p>My\u015bl\u0119 \u017ce to pierwszy kola\u017c, kt\u00f3ry zrobi\u0142am. Zacz\u0119\u0142o si\u0119 w Wigili\u0119 2020. To by\u0142y nasze pierwsze \u015bwie\u2020a tylko w tr\u00f3jk\u0119 - z powodu pandemii nie mogli\u015bmy spotka\u0107 si\u0119 z rodzin\u0105 i przyjaci\u00f3\u0142mi. Wydawa\u0142o si\u0119 troch\u0119 dziwnie i pusto, ale te\u017c pi\u0119knie by\u0142o tworzy\u0107 i odkrywa\u0107 nasze w\u0142asne tradycje. U\u0142o\u017cy\u0142am na stole granatowe serwetki, \u017ceby by\u0142o gdzie odk\u0142ada\u0107 sk\u00f3rki. Wygl\u0105da\u0142o to tak graficznie i prosto i spr\u00f3bowa\u0142am to utrwali\u0107.<\/p>\n<p>Oryginalna praca to kola\u017c ze zgromadzonych i pomalowanych przeze mnie papier\u00f3w. Wydruk dobrze oddaje klimat orygina\u0142u, jego faktur i kolor\u00f3w. Wydrukowane na grubszym, g\u0142adkim papierze.<br \/>\nDrukuj\u0119 moje prace w ich oryginalnych albo zbli\u017conych rozmiarach je\u015bli widz\u0119 sens zmiany. Ten wydruk ma wymiary 21x29,7 cm (format A4). Ramka nie jest do\u0142\u0105czona.<br \/>\nKa\u017cdy plakat b\u0119dzie r\u0119cznie podpisany.<\/p>","protected":false},"excerpt":{"rendered":"<p>Wydruk w formacie 21x29,7 cm (A4)<\/p>","protected":false},"featured_media":251,"template":"","meta":[],"product_brand":[],"product_cat":[29,30],"product_tag":[40,45,54,34,35,53],"class_list":{"0":"post-250","1":"product","2":"type-product","3":"status-publish","4":"has-post-thumbnail","6":"product_cat-21x297-cm-a4","7":"product_cat-prints","8":"product_tag-a4","9":"product_tag-fruit","10":"product_tag-orange","11":"product_tag-poster","12":"product_tag-print","13":"product_tag-still-life","15":"first","16":"instock","17":"sale","18":"shipping-taxable","19":"purchasable","20":"product-type-simple"},"_links":{"self":[{"href":"https:\/\/olaciernioch.com\/pl\/wp-json\/wp\/v2\/product\/250","targetHints":{"allow":["GET"]}}],"collection":[{"href":"https:\/\/olaciernioch.com\/pl\/wp-json\/wp\/v2\/product"}],"about":[{"href":"https:\/\/olaciernioch.com\/pl\/wp-json\/wp\/v2\/types\/product"}],"wp:featuredmedia":[{"embeddable":true,"href":"https:\/\/olaciernioch.com\/pl\/wp-json\/wp\/v2\/media\/251"}],"wp:attachment":[{"href":"https:\/\/olaciernioch.com\/pl\/wp-json\/wp\/v2\/media?parent=250"}],"wp:term":[{"taxonomy":"product_brand","embeddable":true,"href":"https:\/\/olaciernioch.com\/pl\/wp-json\/wp\/v2\/product_brand?post=250"},{"taxonomy":"product_cat","embeddable":true,"href":"https:\/\/olaciernioch.com\/pl\/wp-json\/wp\/v2\/product_cat?post=250"},{"taxonomy":"product_tag","embeddable":true,"href":"https:\/\/olaciernioch.com\/pl\/wp-json\/wp\/v2\/product_tag?post=250"}],"curies":[{"name":"wp","href":"https:\/\/api.w.org\/{rel}","templated":true}]}}