{"id":200,"date":"2023-10-11T13:17:17","date_gmt":"2023-10-11T11:17:17","guid":{"rendered":"https:\/\/olaciernioch.com\/?post_type=product&#038;p=200"},"modified":"2025-06-09T07:54:10","modified_gmt":"2025-06-09T05:54:10","slug":"hope","status":"publish","type":"product","link":"https:\/\/olaciernioch.com\/pl\/product\/hope\/","title":{"rendered":"'Nadzieja' (A3)"},"content":{"rendered":"<p>Sko\u0144czy\u0142y si\u0119 - napisz do mnie, je\u015bli chcesz taki plakat: a.ciernioch@gmail.com<\/p>\n<p>'Nadzieja'<\/p>\n<p>Wyobra\u017a sobie, \u017ce stoisz po\u015brodku pola i dooko\u0142a nie ma nic tylko du\u017co nieba. Wci\u0105\u017c jest troch\u0119 pochmurno, ale s\u0105 te\u017c ja\u015bniejsze miejsca - i jest przestrze\u0144 na nadziej\u0119. To o momencie zmiany, niepewno\u015bci co to 'nowe' przyniesie.<\/p>\n<p>Oryginalna praca to kola\u017c ze zgromadzonych i pomalowanych przeze mnie papier\u00f3w. Wydruk dobrze oddaje klimat orygina\u0142u, jego faktur i kolor\u00f3w. Wydrukowane na grubszym, g\u0142adkim papierze.<br \/>\nDrukuj\u0119 moje prace w ich oryginalnych albo zbli\u017conych rozmiarach je\u015bli widz\u0119 sens zmiany. Ten wydruk ma format A3 (29,7 x 42 cm) i b\u0119dzie pasowa\u0142 do standardowych ramek. Ramka nie jest do\u0142\u0105czona.<br \/>\nKa\u017cdy plakat b\u0119dzie r\u0119cznie podpisany.<\/p>","protected":false},"excerpt":{"rendered":"<p>Wydruk cyfrowy na bazie r\u0119cznie wykonanej pracy, format A3.<\/p>","protected":false},"featured_media":201,"template":"","meta":[],"product_brand":[],"product_cat":[75,30],"product_tag":[],"class_list":{"0":"post-200","1":"product","2":"type-product","3":"status-publish","4":"has-post-thumbnail","6":"product_cat-297x42-cm-a3","7":"product_cat-prints","9":"first","10":"outofstock","11":"shipping-taxable","12":"purchasable","13":"product-type-simple"},"_links":{"self":[{"href":"https:\/\/olaciernioch.com\/pl\/wp-json\/wp\/v2\/product\/200","targetHints":{"allow":["GET"]}}],"collection":[{"href":"https:\/\/olaciernioch.com\/pl\/wp-json\/wp\/v2\/product"}],"about":[{"href":"https:\/\/olaciernioch.com\/pl\/wp-json\/wp\/v2\/types\/product"}],"wp:featuredmedia":[{"embeddable":true,"href":"https:\/\/olaciernioch.com\/pl\/wp-json\/wp\/v2\/media\/201"}],"wp:attachment":[{"href":"https:\/\/olaciernioch.com\/pl\/wp-json\/wp\/v2\/media?parent=200"}],"wp:term":[{"taxonomy":"product_brand","embeddable":true,"href":"https:\/\/olaciernioch.com\/pl\/wp-json\/wp\/v2\/product_brand?post=200"},{"taxonomy":"product_cat","embeddable":true,"href":"https:\/\/olaciernioch.com\/pl\/wp-json\/wp\/v2\/product_cat?post=200"},{"taxonomy":"product_tag","embeddable":true,"href":"https:\/\/olaciernioch.com\/pl\/wp-json\/wp\/v2\/product_tag?post=200"}],"curies":[{"name":"wp","href":"https:\/\/api.w.org\/{rel}","templated":true}]}}