{"id":146,"date":"2023-10-10T17:45:39","date_gmt":"2023-10-10T15:45:39","guid":{"rendered":"https:\/\/olaciernioch.com\/?post_type=product&#038;p=146"},"modified":"2026-04-20T11:57:09","modified_gmt":"2026-04-20T09:57:09","slug":"swing","status":"publish","type":"product","link":"https:\/\/olaciernioch.com\/pl\/product\/swing\/","title":{"rendered":"'Bloki' (A3)"},"content":{"rendered":"<p>'Bloki'<\/p>\n<p>Kt\u00f3rego\u015b dnia zim\u0105 by\u0142a go\u0142oled\u017a - nawet chodzenie po ulicy by\u0142o trudne! Gdy rozmawia\u0142am o tym z kuzynk\u0105, bardzo zaskoczona \u017ce mo\u017ce by\u0107 a\u017c tak \u015blisko, opowiedzia\u0142a mi o mie\u015bcie w kt\u00f3rym si\u0119 wychowa\u0142a. Jest tam du\u017co pag\u00f3rk\u00f3w, a na nich - osiedla blok\u00f3w. Podobno cz\u0119sto si\u0119 zdarza\u0142o \u017ce w tak\u0105 pogod\u0119 samochody ze\u015blizgiwa\u0142y si\u0119 w d\u00f3\u0142 pag\u00f3rka, wi\u0119c w tak\u0105 pogod\u0119 wi\u0119kszo\u015b\u0107 os\u00f3b przezornie parkowa\u0142o samochody od razu gdzie\u015b na dole.<\/p>\n<p>Oryginalna praca to kola\u017c ze zgromadzonych i pomalowanych przeze mnie papier\u00f3w. Wydruk dobrze oddaje klimat orygina\u0142u, jego faktur i kolor\u00f3w. Wydrukowane na grubszym, g\u0142adkim papierze.<br \/>\nDrukuj\u0119 moje prace w ich oryginalnych albo zbli\u017conych rozmiarach je\u015bli widz\u0119 sens zmiany. Ten wydruk ma format A3 (29,7 x 42 cm) i b\u0119dzie pasowa\u0142 do standardowych ramek. Ramka nie jest do\u0142\u0105czona.<br \/>\nKa\u017cdy plakat b\u0119dzie r\u0119cznie podpisany.<\/p>","protected":false},"excerpt":{"rendered":"<p>Wydruk cyfrowy na bazie r\u0119cznie wykonanej pracy, format A3.<\/p>","protected":false},"featured_media":187,"template":"","meta":[],"product_brand":[],"product_cat":[75,30],"product_tag":[],"class_list":{"0":"post-146","1":"product","2":"type-product","3":"status-publish","4":"has-post-thumbnail","6":"product_cat-297x42-cm-a3","7":"product_cat-prints","9":"first","10":"instock","11":"sale","12":"shipping-taxable","13":"purchasable","14":"product-type-simple"},"_links":{"self":[{"href":"https:\/\/olaciernioch.com\/pl\/wp-json\/wp\/v2\/product\/146","targetHints":{"allow":["GET"]}}],"collection":[{"href":"https:\/\/olaciernioch.com\/pl\/wp-json\/wp\/v2\/product"}],"about":[{"href":"https:\/\/olaciernioch.com\/pl\/wp-json\/wp\/v2\/types\/product"}],"wp:featuredmedia":[{"embeddable":true,"href":"https:\/\/olaciernioch.com\/pl\/wp-json\/wp\/v2\/media\/187"}],"wp:attachment":[{"href":"https:\/\/olaciernioch.com\/pl\/wp-json\/wp\/v2\/media?parent=146"}],"wp:term":[{"taxonomy":"product_brand","embeddable":true,"href":"https:\/\/olaciernioch.com\/pl\/wp-json\/wp\/v2\/product_brand?post=146"},{"taxonomy":"product_cat","embeddable":true,"href":"https:\/\/olaciernioch.com\/pl\/wp-json\/wp\/v2\/product_cat?post=146"},{"taxonomy":"product_tag","embeddable":true,"href":"https:\/\/olaciernioch.com\/pl\/wp-json\/wp\/v2\/product_tag?post=146"}],"curies":[{"name":"wp","href":"https:\/\/api.w.org\/{rel}","templated":true}]}}