{"id":144,"date":"2023-10-10T17:20:30","date_gmt":"2023-10-10T15:20:30","guid":{"rendered":"https:\/\/olaciernioch.com\/?post_type=product&#038;p=144"},"modified":"2026-04-20T11:57:16","modified_gmt":"2026-04-20T09:57:16","slug":"pink-rain-a3-poster","status":"publish","type":"product","link":"https:\/\/olaciernioch.com\/pl\/product\/pink-rain-a3-poster\/","title":{"rendered":"'R\u00f3\u017cowy deszcz' (A3)"},"content":{"rendered":"<p class=\"p1\">'R\u00f3\u017cowy deszcz'<\/p>\n<p>Zrobi\u0142am t\u0119 prac\u0119 mniej wi\u0119cej w tym samym czasie, co moje pozosta\u0142e 'burzowe' kola\u017ce (te\u017c s\u0105 w sklepie). Zatrzymywa\u0142y mnie wtedy chmury - zachwyca\u0142o mnie \u017ce w og\u00f3le s\u0105, i to takie r\u00f3\u017ce, i \u017ce mog\u0142oby si\u0119 zdawa\u0107 \u017ce ilustruj\u0105 emocje. \nCzy te\u017c ci si\u0119 wydaje, \u017ce deszcz prawie nigdy nie jest niebieski, ale tak si\u0119 go cz\u0119sto rysuje? (Chmury zreszt\u0105 te\u017c) 'R\u00f3\u017cowy deszcz' jest o tej chwili tu\u017c po burzy kt\u00f3ra si\u0119 ko\u0144czy w sam\u0105 por\u0119 by z\u0142apa\u0107 jeszcze troch\u0119 \u015bwiat\u0142a zachodz\u0105cego s\u0142o\u0144ca.<\/p>\n<p>Oryginalna praca to kola\u017c ze zgromadzonych i pomalowanych przeze mnie papier\u00f3w. Wydruk dobrze oddaje klimat orygina\u0142u, jego faktur i kolor\u00f3w. Wydrukowane na grubszym, g\u0142adkim papierze.<br \/>\nDrukuj\u0119 moje prace w ich oryginalnych albo zbli\u017conych rozmiarach je\u015bli widz\u0119 sens zmiany. Ten wydruk ma format A3 (29,7 x 42 cm) i b\u0119dzie pasowa\u0142 do standardowych ramek. Ramka nie jest do\u0142\u0105czona.<br \/>\nKa\u017cdy plakat b\u0119dzie r\u0119cznie podpisany.<\/p>","protected":false},"excerpt":{"rendered":"<p>Wydruk cyfrowy na bazie r\u0119cznie wykonanej pracy, format A3.<\/p>","protected":false},"featured_media":182,"template":"","meta":[],"product_brand":[],"product_cat":[75,30],"product_tag":[],"class_list":{"0":"post-144","1":"product","2":"type-product","3":"status-publish","4":"has-post-thumbnail","6":"product_cat-297x42-cm-a3","7":"product_cat-prints","9":"first","10":"instock","11":"sale","12":"shipping-taxable","13":"purchasable","14":"product-type-simple"},"_links":{"self":[{"href":"https:\/\/olaciernioch.com\/pl\/wp-json\/wp\/v2\/product\/144","targetHints":{"allow":["GET"]}}],"collection":[{"href":"https:\/\/olaciernioch.com\/pl\/wp-json\/wp\/v2\/product"}],"about":[{"href":"https:\/\/olaciernioch.com\/pl\/wp-json\/wp\/v2\/types\/product"}],"wp:featuredmedia":[{"embeddable":true,"href":"https:\/\/olaciernioch.com\/pl\/wp-json\/wp\/v2\/media\/182"}],"wp:attachment":[{"href":"https:\/\/olaciernioch.com\/pl\/wp-json\/wp\/v2\/media?parent=144"}],"wp:term":[{"taxonomy":"product_brand","embeddable":true,"href":"https:\/\/olaciernioch.com\/pl\/wp-json\/wp\/v2\/product_brand?post=144"},{"taxonomy":"product_cat","embeddable":true,"href":"https:\/\/olaciernioch.com\/pl\/wp-json\/wp\/v2\/product_cat?post=144"},{"taxonomy":"product_tag","embeddable":true,"href":"https:\/\/olaciernioch.com\/pl\/wp-json\/wp\/v2\/product_tag?post=144"}],"curies":[{"name":"wp","href":"https:\/\/api.w.org\/{rel}","templated":true}]}}