{"id":132,"date":"2023-10-09T12:38:18","date_gmt":"2023-10-09T10:38:18","guid":{"rendered":"https:\/\/olaciernioch.com\/?post_type=product&#038;p=132"},"modified":"2026-04-20T11:57:27","modified_gmt":"2026-04-20T09:57:27","slug":"quiet-corner-a3-poster","status":"publish","type":"product","link":"https:\/\/olaciernioch.com\/pl\/product\/quiet-corner-a3-poster\/","title":{"rendered":"'Spokojny k\u0105t' (A3)"},"content":{"rendered":"<p class=\"p1\">'Spokojny k\u0105t'<\/p>\n<p><span style=\"font-size: 1rem;\">Pami\u0119tam nasze ci\u0105g\u0142e poszukiwania 'idealnego' sto\u0142u. To by\u0142a pierwsza pandemiczna zima i o jeny jak bardzo t\u0119skni\u0142am za wychodzeniem na miasto. Zacz\u0119\u0142am tworzy\u0107 te 'ma\u0142e \u015bwiaty' kt\u00f3rych tak mi brakowa\u0142o. Przy okazji uda\u0142o mi si\u0119 zrobi\u0107 ten ca\u0142kiem niez\u0142y st\u00f3\u0142. W czasie jednego z naszych pierwszych wyj\u015b\u0107, gdy kawiarnie zn\u00f3w si\u0119 pootwiera\u0142y, zobaczyli\u015bmy naprawd\u0119 dobr\u0105 wersj\u0119 tego wymarzonego sto\u0142u! Ciemnobr\u0105zowy, z ciekawymi wzorami drewna. Poszukiwania dobieg\u0142y ko\u0144ca - nowy st\u00f3\u0142 w kuchni sta\u0142 si\u0119 naszym wsp\u00f3lnie ulubionym miejscem w domu.\u00a0<\/span><\/p>\n<p>Oryginalna praca to kola\u017c ze zgromadzonych i pomalowanych przeze mnie papier\u00f3w. Wydruk dobrze oddaje klimat orygina\u0142u, jego faktur i kolor\u00f3w. Wydrukowane na grubszym, g\u0142adkim papierze.<br \/>\nDrukuj\u0119 moje prace w ich oryginalnych albo zbli\u017conych rozmiarach je\u015bli widz\u0119 sens zmiany. Ten wydruk ma format A3 (29,7 x 42 cm) i b\u0119dzie pasowa\u0142 do standardowych ramek. Ramka nie jest do\u0142\u0105czona.<br \/>\nKa\u017cdy plakat b\u0119dzie r\u0119cznie podpisany.<\/p>","protected":false},"excerpt":{"rendered":"<p>Wydruk cyfrowy na bazie r\u0119cznie wykonanej pracy, format A3.<\/p>","protected":false},"featured_media":192,"template":"","meta":[],"product_brand":[],"product_cat":[75,30],"product_tag":[],"class_list":{"0":"post-132","1":"product","2":"type-product","3":"status-publish","4":"has-post-thumbnail","6":"product_cat-297x42-cm-a3","7":"product_cat-prints","9":"first","10":"instock","11":"sale","12":"shipping-taxable","13":"purchasable","14":"product-type-simple"},"_links":{"self":[{"href":"https:\/\/olaciernioch.com\/pl\/wp-json\/wp\/v2\/product\/132","targetHints":{"allow":["GET"]}}],"collection":[{"href":"https:\/\/olaciernioch.com\/pl\/wp-json\/wp\/v2\/product"}],"about":[{"href":"https:\/\/olaciernioch.com\/pl\/wp-json\/wp\/v2\/types\/product"}],"wp:featuredmedia":[{"embeddable":true,"href":"https:\/\/olaciernioch.com\/pl\/wp-json\/wp\/v2\/media\/192"}],"wp:attachment":[{"href":"https:\/\/olaciernioch.com\/pl\/wp-json\/wp\/v2\/media?parent=132"}],"wp:term":[{"taxonomy":"product_brand","embeddable":true,"href":"https:\/\/olaciernioch.com\/pl\/wp-json\/wp\/v2\/product_brand?post=132"},{"taxonomy":"product_cat","embeddable":true,"href":"https:\/\/olaciernioch.com\/pl\/wp-json\/wp\/v2\/product_cat?post=132"},{"taxonomy":"product_tag","embeddable":true,"href":"https:\/\/olaciernioch.com\/pl\/wp-json\/wp\/v2\/product_tag?post=132"}],"curies":[{"name":"wp","href":"https:\/\/api.w.org\/{rel}","templated":true}]}}