{"id":1130,"date":"2026-04-20T11:41:06","date_gmt":"2026-04-20T09:41:06","guid":{"rendered":"https:\/\/olaciernioch.com\/?post_type=product&#038;p=1130"},"modified":"2026-04-20T11:52:46","modified_gmt":"2026-04-20T09:52:46","slug":"holes-shadows-iii-a3","status":"publish","type":"product","link":"https:\/\/olaciernioch.com\/pl\/product\/holes-shadows-iii-a3\/","title":{"rendered":"\"Dziury i cienie III\", A3"},"content":{"rendered":"<p>To cz\u0119\u015b\u0107 serii trzech r\u0119cznie drukowanych grafik w technice mieszanej na papierze. Nazywaj\u0105 si\u0119 \"Dziury i cienie\" z kolejnymi numerami I, II i III, bo tyle w procesie powsta\u0142o dziur. (o procesie ni\u017cej)<br \/>\nSzare i czarne cz\u0119\u015bci to wydruk cyfrowy z r\u0119cznie wycinanego papieru (kola\u017c). To cz\u0119\u015bci papieru pozosta\u0142e pomi\u0119dzy elementami, kt\u00f3re by\u0142y mi potrzebne do czego innego. Niebieskie cz\u0119\u015bci s\u0105 na ka\u017cdej odbitce r\u0119cznie malowane przy pomocy szablon\u00f3w (dziur). R\u00f3\u017cowe cz\u0119\u015bci s\u0105 r\u0119cznie namalowane.<\/p>\n<p>Ka\u017cda z grafik, w tym ta, powsta\u0142a w 10-ciu kopiach - 9 z nich jest na sprzeda\u017c, a jedna, jak zawsze, zostaje ze mn\u0105. S\u0105 podpisane i ponumerowane - najwy\u017cszy numer (1) ma grafika, kt\u00f3ra podoba\u0142a mi si\u0119 najbardziej, a dalej kolejne. Format A3 (29,7 x 42 cm). Przyjemny papier w z\u0142amanej bieli, grubo\u015b\u0107 ok. 150g. <\/p>\n<p>Historia tych grafik<\/p>\n<p><strong>Niebieskie kszta\u0142ty:<\/strong> Wyci\u0119\u0142am ze znalezionych zdj\u0119\u0107 ludzi i powsta\u0142y dziury. Uderzy\u0142o mnie to, po pierwsze w kontek\u015bcie okropno\u015bci na \u015bwiecie. Znikaj\u0105cy ludzie, dziury po ludziach.<\/p>\n<p>Potem pomy\u015bla\u0142am zwyczajnie, o \u017cyciu, o codziennych stratach. \u017be czasem chcesz mie\u0107 kogo\u015b w \u017cyciu, albo mia\u0142e\u015b - i znikn\u0105\u0142. Wyjecha\u0142, rozstali\u015bcie si\u0119, stracili\u015bcie kontakt. Czasem nawet umar\u0142. Nie ma tego kogo\u015b, ale czujesz, \u017ce nie ma, zosta\u0142a dziura.<\/p>\n<p><strong>Szare i czarne kszta\u0142ty:<\/strong> Cienie - to s\u0105 takie osoby, kt\u00f3re s\u0105 obok i mo\u017ce mogliby\u015bcie by\u0107 blisko, ale nie jeste\u015bcie. M\u00f3wi\u0119 tu o takich naprawd\u0119 hipotetycznie mo\u017cliwych. Mijasz si\u0119 z kim\u015b codziennie na ulicy, spotykasz pani\u0105 w piekarni. Mo\u017ce jest dziewczyna, kt\u00f3r\u0105 znasz z imienia, u\u015bmiechniecie si\u0119 czasem do siebie, ale... na bliskie relacje potrzeba czasu, a ty go nie masz, bo jest gdzie indziej. Mo\u017ce nie masz ju\u017c przestrzeni na wi\u0119cej relacji w \u017cyciu. I ona tam jest, jak cie\u0144 drzewa za oknem. Cie\u0144 jest u Ciebie, kojarzysz j\u0105, ale drzewo za oknem. I to ok.<\/p>\n<p><strong>R\u00f3\u017cowe \u015blady (lub ich brak):<\/strong> Zostaje te\u017c to, co jest. Nie jeste\u015bmy tylko naszymi stratami i potencja\u0142em. Jest \u017cycie i s\u0105 ludzie, kt\u00f3rzy s\u0105. Nawet je\u015bli w czasie, gdy wszystko jest \u015bwie\u017ce i bardzo bolesne, wydaje si\u0119, \u017ce poza t\u0105 dziur\u0105 nic ju\u017c nie zosta\u0142o.<\/p>","protected":false},"excerpt":{"rendered":"<p>Format A3. Oryginalna, r\u0119cznie drukowana\/malowana grafika wydrukowana w tylko 9-ciu kopiach.<\/p>","protected":false},"featured_media":1131,"template":"","meta":[],"product_brand":[],"product_cat":[75,81],"product_tag":[],"class_list":{"0":"post-1130","1":"product","2":"type-product","3":"status-publish","4":"has-post-thumbnail","6":"product_cat-297x42-cm-a3","7":"product_cat-original-artwork","9":"first","10":"instock","11":"shipping-taxable","12":"purchasable","13":"product-type-simple"},"_links":{"self":[{"href":"https:\/\/olaciernioch.com\/pl\/wp-json\/wp\/v2\/product\/1130","targetHints":{"allow":["GET"]}}],"collection":[{"href":"https:\/\/olaciernioch.com\/pl\/wp-json\/wp\/v2\/product"}],"about":[{"href":"https:\/\/olaciernioch.com\/pl\/wp-json\/wp\/v2\/types\/product"}],"wp:featuredmedia":[{"embeddable":true,"href":"https:\/\/olaciernioch.com\/pl\/wp-json\/wp\/v2\/media\/1131"}],"wp:attachment":[{"href":"https:\/\/olaciernioch.com\/pl\/wp-json\/wp\/v2\/media?parent=1130"}],"wp:term":[{"taxonomy":"product_brand","embeddable":true,"href":"https:\/\/olaciernioch.com\/pl\/wp-json\/wp\/v2\/product_brand?post=1130"},{"taxonomy":"product_cat","embeddable":true,"href":"https:\/\/olaciernioch.com\/pl\/wp-json\/wp\/v2\/product_cat?post=1130"},{"taxonomy":"product_tag","embeddable":true,"href":"https:\/\/olaciernioch.com\/pl\/wp-json\/wp\/v2\/product_tag?post=1130"}],"curies":[{"name":"wp","href":"https:\/\/api.w.org\/{rel}","templated":true}]}}