{"id":101,"date":"2023-10-08T16:21:41","date_gmt":"2023-10-08T14:21:41","guid":{"rendered":"https:\/\/olaciernioch.com\/?post_type=product&#038;p=101"},"modified":"2026-04-20T11:57:36","modified_gmt":"2026-04-20T09:57:36","slug":"teatime-a3-poster","status":"publish","type":"product","link":"https:\/\/olaciernioch.com\/pl\/product\/teatime-a3-poster\/","title":{"rendered":"'Podwieczorek' (A3)"},"content":{"rendered":"<p>'Podwieczorek'<\/p>\n<p>Ta praca jest zainspirowana pracami z jednego z moich szkicownik\u00f3w. Mia\u0142 wyj\u0105tkowo niezwyk\u0142\u0105 histori\u0119. My\u015bla\u0142am, \u017ce si\u0119 zagubi\u0142 w drodze do Brooklyn Art Library, ale... okaza\u0142o si\u0119 \u017ce nie! Szkicownik nazywa si\u0119 'Kiedy zamkn\u0119 oczy' ('When I close my eyes') i zabra\u0142 mnie w miejsca kt\u00f3re mo\u017ce zna\u0142am, a mo\u017ce tylko je sobie wyobrazi\u0142am. 'Podwieczorek' z kotem to w\u0142a\u015bnie jedno z tych wspomnienio-wyobra\u017ce\u0144.<\/p>\n<p>Oryginalna praca to kola\u017c ze zgromadzonych i pomalowanych przeze mnie papier\u00f3w. Wydruk dobrze oddaje klimat orygina\u0142u, jego faktur i kolor\u00f3w. Wydrukowane na grubszym, g\u0142adkim papierze.<br \/>\nDrukuj\u0119 moje prace w ich oryginalnych albo zbli\u017conych rozmiarach je\u015bli widz\u0119 sens zmiany. Ten wydruk ma format A3 (29,7 x 42 cm) i b\u0119dzie pasowa\u0142 do standardowych ramek. Ramka nie jest do\u0142\u0105czona.<br \/>\nKa\u017cdy plakat b\u0119dzie r\u0119cznie podpisany.<\/p>","protected":false},"excerpt":{"rendered":"<p>Wydruk cyfrowy na bazie r\u0119cznie wykonanej pracy, format A3.<\/p>","protected":false},"featured_media":140,"template":"","meta":[],"product_brand":[],"product_cat":[75,30],"product_tag":[],"class_list":{"0":"post-101","1":"product","2":"type-product","3":"status-publish","4":"has-post-thumbnail","6":"product_cat-297x42-cm-a3","7":"product_cat-prints","9":"first","10":"instock","11":"sale","12":"shipping-taxable","13":"purchasable","14":"product-type-simple"},"_links":{"self":[{"href":"https:\/\/olaciernioch.com\/pl\/wp-json\/wp\/v2\/product\/101","targetHints":{"allow":["GET"]}}],"collection":[{"href":"https:\/\/olaciernioch.com\/pl\/wp-json\/wp\/v2\/product"}],"about":[{"href":"https:\/\/olaciernioch.com\/pl\/wp-json\/wp\/v2\/types\/product"}],"wp:featuredmedia":[{"embeddable":true,"href":"https:\/\/olaciernioch.com\/pl\/wp-json\/wp\/v2\/media\/140"}],"wp:attachment":[{"href":"https:\/\/olaciernioch.com\/pl\/wp-json\/wp\/v2\/media?parent=101"}],"wp:term":[{"taxonomy":"product_brand","embeddable":true,"href":"https:\/\/olaciernioch.com\/pl\/wp-json\/wp\/v2\/product_brand?post=101"},{"taxonomy":"product_cat","embeddable":true,"href":"https:\/\/olaciernioch.com\/pl\/wp-json\/wp\/v2\/product_cat?post=101"},{"taxonomy":"product_tag","embeddable":true,"href":"https:\/\/olaciernioch.com\/pl\/wp-json\/wp\/v2\/product_tag?post=101"}],"curies":[{"name":"wp","href":"https:\/\/api.w.org\/{rel}","templated":true}]}}