{"id":2,"date":"2023-10-07T13:13:54","date_gmt":"2023-10-07T13:13:54","guid":{"rendered":"https:\/\/olaciernioch.com\/?page_id=2"},"modified":"2026-02-14T12:43:20","modified_gmt":"2026-02-14T10:43:20","slug":"about","status":"publish","type":"page","link":"https:\/\/olaciernioch.com\/pl\/about\/","title":{"rendered":"O mnie"},"content":{"rendered":"<div class=\"wp-block-image\">\n<figure class=\"alignright size-large is-resized\"><img loading=\"lazy\" decoding=\"async\" width=\"768\" height=\"1024\" src=\"https:\/\/olaciernioch.com\/wp-content\/uploads\/2025\/08\/20250821_130628-768x1024.jpg\" alt=\"\" class=\"wp-image-762\" style=\"width:367px;height:489px\" srcset=\"https:\/\/olaciernioch.com\/wp-content\/uploads\/2025\/08\/20250821_130628-768x1025.jpg 768w, https:\/\/olaciernioch.com\/wp-content\/uploads\/2025\/08\/20250821_130628-225x300.jpg 225w, https:\/\/olaciernioch.com\/wp-content\/uploads\/2025\/08\/20250821_130628-1151x1536.jpg 1151w, https:\/\/olaciernioch.com\/wp-content\/uploads\/2025\/08\/20250821_130628-1535x2048.jpg 1535w, https:\/\/olaciernioch.com\/wp-content\/uploads\/2025\/08\/20250821_130628-9x12.jpg 9w, https:\/\/olaciernioch.com\/wp-content\/uploads\/2025\/08\/20250821_130628-1320x1761.jpg 1320w, https:\/\/olaciernioch.com\/wp-content\/uploads\/2025\/08\/20250821_130628-600x800.jpg 600w, https:\/\/olaciernioch.com\/wp-content\/uploads\/2025\/08\/20250821_130628-scaled.jpg 1919w\" sizes=\"auto, (max-width: 768px) 100vw, 768px\" \/><\/figure>\n<\/div>\n\n\n<p>Tw\u00f3rczyni, artystka, obserwatorka. Pracuj\u0119 kolorami, kszta\u0142tami, kompozycj\u0105. W mojej pracy wa\u017cne s\u0105 dla mnie \"zwyk\u0142e\" tematy - codzienne, bliskie \u017cyciu, na skraju uwagi. To, na co cz\u0119sto si\u0119 patrzy, ale nie zawsze widzi. <\/p>\n\n\n\n<p>Moj\u0105 prac\u0105 chcia\u0142abym pomaga\u0107 w zatrzymywaniu si\u0119 na tyle, \u017ceby m\u00f3c zauwa\u017cy\u0107 wi\u0119cej, poczu\u0107 co\u015b. Wierz\u0119, \u017ce tutaj, w dobrostanie, zaczyna si\u0119 zmiana; w sobie i dzi\u0119ki temu w \u015bwiecie.<\/p>\n\n\n\n<p class=\"has-text-align-left\">Zapraszam do do\u0142\u0105czenia i czytania mojego newslettera. Pisz\u0119 tam kr\u00f3tkie eseje o codziennych obserwacjach i sztuce:<\/p>\n\n\n\n<p class=\"has-text-align-left\"><a href=\"https:\/\/ciernioch.substack.com\">https:\/\/ciernioch.substack.com<\/a><\/p>\n\n\n\n<p>Zapraszam do odwiedzenia mnie w pracowni! Daj mi tylko prosz\u0119 zna\u0107 wcze\u015bniej, bo przychodz\u0119 tam w r\u00f3\u017cnych godzinach. \u017beby um\u00f3wi\u0107 spotkanie, napisz do mnie maila albo wiadomo\u015b\u0107 na platformach spo\u0142eczno\u015bciowych.<\/p>\n\n\n\n<p>adres: Pozna\u0144, ul. Szamarzewskiego 17\/2, 1-wsze pi\u0119tro<\/p>\n\n\n\n<p>Je\u015bli chcesz porozmawia\u0107 o mojej sztuce albo masz pomys\u0142 na zlecenie albo wsp\u00f3\u0142prac\u0119 - te\u017c napisz do mnie <strong>email<\/strong>:<\/p>\n\n\n\n<p><strong>a.ciernioch@gmail.com<\/strong> <\/p>\n\n\n\n<p>Odwied\u017a m\u00f3j <strong>Instagram<\/strong> lub <strong>Facebook<\/strong> po migawki z codzienno\u015bci:<\/p>\n\n\n\n<p><strong>@aleksandra.ciernioch<\/strong><\/p>\n\n\n\n<p>Mam te\u017c numer telefonu \ud83d\ude09 (+48 789 676 224) ale prosz\u0119 do mnie dzwoni\u0107 w ostateczno\u015bci, bo wol\u0119 wiadomo\u015bci tekstowe ni\u017c rozmawianie przez telefon, zw\u0142aszcza zaskoczona. <\/p>\n\n\n\n<p><\/p>\n\n\n\n<p><\/p>","protected":false},"excerpt":{"rendered":"<p>Creator, artist, observer. I work with colors, shapes, composition. In my work, &#8216;ordinary&#8217; topics are important to me &#8211; everyday, close to life, on the edge of attention. What is often looked at but not always seen. With my work I would like to help stop for long enough to be able to notice more, [&hellip;]<\/p>","protected":false},"author":1,"featured_media":305,"parent":0,"menu_order":0,"comment_status":"closed","ping_status":"open","template":"","meta":{"footnotes":""},"class_list":["post-2","page","type-page","status-publish","has-post-thumbnail","hentry"],"_links":{"self":[{"href":"https:\/\/olaciernioch.com\/pl\/wp-json\/wp\/v2\/pages\/2","targetHints":{"allow":["GET"]}}],"collection":[{"href":"https:\/\/olaciernioch.com\/pl\/wp-json\/wp\/v2\/pages"}],"about":[{"href":"https:\/\/olaciernioch.com\/pl\/wp-json\/wp\/v2\/types\/page"}],"author":[{"embeddable":true,"href":"https:\/\/olaciernioch.com\/pl\/wp-json\/wp\/v2\/users\/1"}],"replies":[{"embeddable":true,"href":"https:\/\/olaciernioch.com\/pl\/wp-json\/wp\/v2\/comments?post=2"}],"version-history":[{"count":16,"href":"https:\/\/olaciernioch.com\/pl\/wp-json\/wp\/v2\/pages\/2\/revisions"}],"predecessor-version":[{"id":1105,"href":"https:\/\/olaciernioch.com\/pl\/wp-json\/wp\/v2\/pages\/2\/revisions\/1105"}],"wp:featuredmedia":[{"embeddable":true,"href":"https:\/\/olaciernioch.com\/pl\/wp-json\/wp\/v2\/media\/305"}],"wp:attachment":[{"href":"https:\/\/olaciernioch.com\/pl\/wp-json\/wp\/v2\/media?parent=2"}],"curies":[{"name":"wp","href":"https:\/\/api.w.org\/{rel}","templated":true}]}}